{"id":30,"date":"2023-02-02T12:28:37","date_gmt":"2023-02-02T11:28:37","guid":{"rendered":"https:\/\/teicee-wp6.dev.teicee.fr\/?page_id=30"},"modified":"2026-04-27T17:12:09","modified_gmt":"2026-04-27T15:12:09","slug":"developpement-web","status":"publish","type":"page","link":"https:\/\/www.teicee.com\/en\/developpement-web\/","title":{"rendered":"Web development"},"content":{"rendered":"<div class=\"header developpement\">\n            <div class=\"row top-screen\">\n            <div class=\"col-lg-6 col-xl-7 col-xxl-7 top-header\">\n            <a href=\"\/en\/\"><img decoding=\"async\" src=\"\/wp-content\/uploads\/2023\/02\/teicee-300dpi-scaled.jpg\" class=\"teicee\" alt=\"t\u00e9\u00efc\u00e9e\"><\/a>\n            <h1 class=\"\">Web development<\/h1>\n            <h2>Entrusting your project to us is the first step towards freedom.<\/h2>\n            <p>  Developing tailor-made solutions for you that meet your needs and that you can control perfectly is our main motivation when you entrust us with your project.<\/p>\n                 \n        <\/div>\n            <\/div>\n<\/div>\n\n<style>\n    \/*.header{height: calc(100vh - 140px);}*\/\n\n    .header.home {\n        background-image: url(https:\/\/www.teicee.com\/wp-content\/uploads\/2023\/02\/illustration-developpement.jpg);\n    }\n    .header.developpement{\n        background-image: url(https:\/\/www.teicee.com\/wp-content\/uploads\/2023\/02\/illustration-developpement.jpg);\n    }\n    .header.systemes{\n        background-image: url(https:\/\/www.teicee.com\/wp-content\/uploads\/2023\/02\/illustration-developpement.jpg); \n    }\n    .header.conseils{\n        background-image: url(https:\/\/www.teicee.com\/wp-content\/uploads\/2023\/02\/illustration-developpement.jpg);    \n    }\n    .header.solutions{\n        background-image: url(https:\/\/www.teicee.com\/wp-content\/uploads\/2023\/02\/illustration-developpement.jpg);\n    }\n    .header.blog{\n        background-image: url(https:\/\/www.teicee.com\/wp-content\/uploads\/2023\/02\/illustration-developpement.jpg);\n    }\n    .header.contact{\n        background-image: url(https:\/\/www.teicee.com\/wp-content\/uploads\/2023\/02\/illustration-developpement.jpg);\n    }\n    .header.temoignage{\n        background-image: url(https:\/\/www.teicee.com\/wp-content\/uploads\/2023\/02\/illustration-developpement.jpg); \n    }\n<\/style>\n\n\n<h3 class=\"wp-block-heading\">Ergonomics, simplicity and universality<\/h3>\n\n\n\n<div class=\"wp-block-columns is-layout-flex wp-container-core-columns-is-layout-28f84493 wp-block-columns-is-layout-flex\">\n<div class=\"wp-block-column is-layout-flow wp-block-column-is-layout-flow\">\n<div class=\"img-rectangle rectangle-2-colonnes\">\n  <div class=\"element-svg rectangle\">\n    <svg id=\"uuid-18c57c74-5712-4e21-bdc2-866cd835dd7a\" data-name=\"Calque 1\" xmlns=\"http:\/\/www.w3.org\/2000\/svg\" viewbox=\"0 0 138.831 271.829\">\n     <path id=\"uuid-22adef3b-2358-40ce-a71a-8c6d33fa9701\" data-name=\"Intersection 5\" d=\"M128.394,270.415l9.023-9.023-9.023,9.023Zm-22.515,0l31.538-31.538-31.538,31.538Zm-22.514,0l54.052-54.052-54.052,54.052Zm-22.514,0l76.565-76.565-76.565,76.565Zm-22.514,0l99.079-99.079-99.079,99.079Zm-22.514,0l121.595-121.592L15.822,270.415Zm-14.408-8.105L137.414,126.31,1.414,262.31Zm0-22.515L137.414,103.795,1.414,239.795Zm0-22.512L137.414,81.283,1.414,217.283Zm0-22.514L137.414,58.769,1.414,194.769Zm0-22.514L137.414,36.255,1.414,172.255Zm0-22.515L137.414,13.74,1.414,149.74Zm0-22.512L127.228,1.415,1.414,127.228Zm0-22.514L104.714,1.414,1.414,104.714Zm0-22.514L82.199,1.415,1.414,82.2Zm0-22.514L59.685,1.414,1.414,59.686Zm0-22.515L37.171,1.414,1.414,37.171ZM1.414,14.657L14.657,1.414,1.414,14.657Z\" style=\"fill: #fff; isolation: isolate; opacity: .336; stroke: #b5dc17; stroke-width: 4px;\"\/>\n    <\/svg>\n  <\/div>\n  <figure>\n    <img loading=\"lazy\" decoding=\"async\" width=\"300\" height=\"210\" src=\"https:\/\/www.teicee.com\/wp-content\/uploads\/2023\/12\/web-design-300x210.webp\" class=\"attachment-medium size-medium\" alt=\"Web design UX UI et d\u00e9veloppement web\" srcset=\"https:\/\/www.teicee.com\/wp-content\/uploads\/2023\/12\/web-design-300x210.webp 300w, https:\/\/www.teicee.com\/wp-content\/uploads\/2023\/12\/web-design-1024x718.webp 1024w, https:\/\/www.teicee.com\/wp-content\/uploads\/2023\/12\/web-design-768x538.webp 768w, https:\/\/www.teicee.com\/wp-content\/uploads\/2023\/12\/web-design.webp 1198w\" sizes=\"auto, (max-width: 300px) 100vw, 300px\" \/>  <\/figure>\n<\/div>\n<\/div>\n\n\n\n<div class=\"wp-block-column vertical-align-center is-layout-flow wp-block-column-is-layout-flow\">\n<p>These are our three guiding principles when you entrust your web development to us.<\/p>\n\n\n\n<p>The diversity of screens, tablets, smartphones and laptops is a constant challenge for anyone wanting to communicate on the Web, especially when you want to combine stability, performance and user-friendliness. The ergonomics of your web application is therefore a major challenge for you and your users.<\/p>\n\n\n\n<p>Because optimising the user experience undoubtedly enhances the attractiveness of your site, at <strong>t\u00e9\u00efc\u00e9e<\/strong>When we work with you on a development project, we keep a close eye on techniques and trends, and look for solutions that provide smooth, intuitive navigation. Optimising page loading times, aiming for \u2018no-click\u2019 navigation and anticipating the steps involved are just some of the things we think about when we work with you on a development project.<\/p>\n\n\n\n<p>To ensure that you have everything you need to make the most of your new tool, we make sure that our solutions remain high-performance and easy to use. To make sure we've fulfilled our mission in full, we pay particular attention to your training in this new tool and to ensuring that you are fully autonomous in its use.<\/p>\n<\/div>\n<\/div>\n\n\n\n<h3 class=\"wp-block-heading\">Web and mobile application development<\/h3>\n\n\n\n<div class=\"wp-block-group is-nowrap is-layout-flex wp-container-core-group-is-layout-6c531013 wp-block-group-is-layout-flex\">\n<div class=\"wp-block-columns is-layout-flex wp-container-core-columns-is-layout-28f84493 wp-block-columns-is-layout-flex\">\n<div class=\"wp-block-column is-layout-flow wp-block-column-is-layout-flow\"><!-- <div class=\"col-12 col-lg-6 img-carre\"> -->\n<div class=\"img-carre\">\n    <div class=\"element-svg cercle\">\n        <svg id=\"uuid-1e458e34-9818-49d8-a91d-fc9aaed89cde\" data-name=\"Calque 1\" xmlns=\"http:\/\/www.w3.org\/2000\/svg\" viewbox=\"0 0 205.488 205.473\">\n          <path id=\"uuid-ae0319f0-bcee-4843-b7a5-1f780fa0ce92\" data-name=\"Intersection 6\" d=\"M95.584,204.059l108.49-108.49-108.49,108.49Zm107.871-87.871l-87.252,87.253,87.252-87.253Zm-125.146,85.144l123.037-123.037-123.037,123.037Zm-15-5L196.348,63.294,63.309,196.333h0Zm132.3-52.301l-51.564,51.564,51.564-51.564ZM50.087,189.553L189.567,50.074,50.088,189.553h0Zm-11.691-8.308L181.258,38.383,38.396,181.245Zm-10.278-9.722L171.537,28.106,28.119,171.523Zm-8.882-11.119L160.418,19.223,19.238,160.404h0Zm-7.408-12.59L147.829,11.814,11.829,147.814Zm-5.753-14.247L133.589,6.054,6.076,133.567Zm-3.719-16.28L117.309,2.336,2.356,117.287Zm-.922-19.079L98.229,1.414,1.429,98.214l.006-.006Zm3.977-23.977L74.252,5.39,5.412,74.231Z\" style=\"fill: #fff; isolation: isolate; opacity: .296; stroke: #b5dc17; stroke-width: 4px;\"\/>\n        <\/svg>\n    <\/div>\n    <figure class=\"img-shadow\">\n        <img loading=\"lazy\" decoding=\"async\" width=\"300\" height=\"300\" src=\"https:\/\/www.teicee.com\/wp-content\/uploads\/2023\/12\/apprentissage-developpement-web-300x300.webp\" class=\"attachment-medium size-medium\" alt=\"d\u00e9veloppement web\" srcset=\"https:\/\/www.teicee.com\/wp-content\/uploads\/2023\/12\/apprentissage-developpement-web-300x300.webp 300w, https:\/\/www.teicee.com\/wp-content\/uploads\/2023\/12\/apprentissage-developpement-web-150x150.webp 150w, https:\/\/www.teicee.com\/wp-content\/uploads\/2023\/12\/apprentissage-developpement-web.webp 664w\" sizes=\"auto, (max-width: 300px) 100vw, 300px\" \/>    <\/figure>\n<\/div>\n<\/div>\n\n\n\n<div class=\"wp-block-column vertical-align-center is-layout-flow wp-block-column-is-layout-flow\">\n<p>Managing multiple users with varying statuses, which means first of all setting up an authentication and account creation system, processing the various user accounts with varying access rights and permissions, proposing complex forms or integrating your solution with third-party systems - that's what we do every day!<\/p>\n\n\n\n<p>The development of these applications has given us a wealth of experience in the creation of customised, practical dashboards that will enable you to manage your application easily.<\/p>\n\n\n\n<p>Our experience has also given us all the expertise we need in terms of interoperability: we find solutions that ensure your application works optimally through an external Web Service.<\/p>\n<\/div>\n<\/div>\n<\/div>\n\n\n\n<div class=\"wp-block-group is-nowrap is-layout-flex wp-container-core-group-is-layout-6c531013 wp-block-group-is-layout-flex\">\n<div class=\"wp-block-columns is-layout-flex wp-container-core-columns-is-layout-28f84493 wp-block-columns-is-layout-flex\">\n<div class=\"wp-block-column is-layout-flow wp-block-column-is-layout-flow\">\n\n\n<article class=\"img-rectangle rectangle-2-colonnes\">\n    <div>\n        <div class=\"element-svg rectangle\">\n          <svg id=\"uuid-18c57c74-5712-4e21-bdc2-866cd835dd7a\" data-name=\"Calque 1\" xmlns=\"http:\/\/www.w3.org\/2000\/svg\" viewbox=\"0 0 138.831 271.829\">\n          <path id=\"uuid-22adef3b-2358-40ce-a71a-8c6d33fa9701\" data-name=\"Intersection 5\" d=\"M128.394,270.415l9.023-9.023-9.023,9.023Zm-22.515,0l31.538-31.538-31.538,31.538Zm-22.514,0l54.052-54.052-54.052,54.052Zm-22.514,0l76.565-76.565-76.565,76.565Zm-22.514,0l99.079-99.079-99.079,99.079Zm-22.514,0l121.595-121.592L15.822,270.415Zm-14.408-8.105L137.414,126.31,1.414,262.31Zm0-22.515L137.414,103.795,1.414,239.795Zm0-22.512L137.414,81.283,1.414,217.283Zm0-22.514L137.414,58.769,1.414,194.769Zm0-22.514L137.414,36.255,1.414,172.255Zm0-22.515L137.414,13.74,1.414,149.74Zm0-22.512L127.228,1.415,1.414,127.228Zm0-22.514L104.714,1.414,1.414,104.714Zm0-22.514L82.199,1.415,1.414,82.2Zm0-22.514L59.685,1.414,1.414,59.686Zm0-22.515L37.171,1.414,1.414,37.171ZM1.414,14.657L14.657,1.414,1.414,14.657Z\" style=\"fill: #fff; isolation: isolate; opacity: .336; stroke: #b5dc17; stroke-width: 4px;\"\/>\n          <\/svg>\n        <\/div>\n                    <a href=\"https:\/\/www.teicee.com\/en\/solution\/symfony\/\" >\n                <figure>\n                  <img loading=\"lazy\" decoding=\"async\" width=\"300\" height=\"225\" src=\"https:\/\/www.teicee.com\/wp-content\/uploads\/2023\/12\/developpement-symfony-300x225.webp\" class=\"attachment-medium size-medium\" alt=\"d\u00e9veloppement web symfony\" srcset=\"https:\/\/www.teicee.com\/wp-content\/uploads\/2023\/12\/developpement-symfony-300x225.webp 300w, https:\/\/www.teicee.com\/wp-content\/uploads\/2023\/12\/developpement-symfony-768x576.webp 768w, https:\/\/www.teicee.com\/wp-content\/uploads\/2023\/12\/developpement-symfony.webp 800w\" sizes=\"auto, (max-width: 300px) 100vw, 300px\" \/>                <\/figure>\n            <\/a>\n            <\/div>\n            <a href=\"https:\/\/www.teicee.com\/en\/solution\/symfony\/\" >\n            <header><h3>Symfony<\/h3><\/header>\n            <p>For custom projects, we use Symfony because of the simplicity of its functions. As a modular, adaptable framework, it facilitates and even accelerates the development of your applications. Its flexibility makes it an ideal tool for remaining agile during the design of your project.\n\nThat's another reason why t\u00e9\u00efc\u00e9e uses Symfony<\/p>\n        <\/a>\n    <\/article>\n<\/div>\n\n\n\n<div class=\"wp-block-column is-layout-flow wp-block-column-is-layout-flow\">\n\n\n<article class=\"img-rectangle rectangle-2-colonnes\">\n    <div>\n        <div class=\"element-svg rectangle\">\n          <svg id=\"uuid-18c57c74-5712-4e21-bdc2-866cd835dd7a\" data-name=\"Calque 1\" xmlns=\"http:\/\/www.w3.org\/2000\/svg\" viewbox=\"0 0 138.831 271.829\">\n          <path id=\"uuid-22adef3b-2358-40ce-a71a-8c6d33fa9701\" data-name=\"Intersection 5\" d=\"M128.394,270.415l9.023-9.023-9.023,9.023Zm-22.515,0l31.538-31.538-31.538,31.538Zm-22.514,0l54.052-54.052-54.052,54.052Zm-22.514,0l76.565-76.565-76.565,76.565Zm-22.514,0l99.079-99.079-99.079,99.079Zm-22.514,0l121.595-121.592L15.822,270.415Zm-14.408-8.105L137.414,126.31,1.414,262.31Zm0-22.515L137.414,103.795,1.414,239.795Zm0-22.512L137.414,81.283,1.414,217.283Zm0-22.514L137.414,58.769,1.414,194.769Zm0-22.514L137.414,36.255,1.414,172.255Zm0-22.515L137.414,13.74,1.414,149.74Zm0-22.512L127.228,1.415,1.414,127.228Zm0-22.514L104.714,1.414,1.414,104.714Zm0-22.514L82.199,1.415,1.414,82.2Zm0-22.514L59.685,1.414,1.414,59.686Zm0-22.515L37.171,1.414,1.414,37.171ZM1.414,14.657L14.657,1.414,1.414,14.657Z\" style=\"fill: #fff; isolation: isolate; opacity: .336; stroke: #b5dc17; stroke-width: 4px;\"\/>\n          <\/svg>\n        <\/div>\n                    <a href=\"https:\/\/www.teicee.com\/en\/solution\/cms-systeme-de-gestion-de-contenu\/\" >\n                <figure>\n                  <img loading=\"lazy\" decoding=\"async\" width=\"300\" height=\"225\" src=\"https:\/\/www.teicee.com\/wp-content\/uploads\/2023\/12\/cms-site-internet-300x225.webp\" class=\"attachment-medium size-medium\" alt=\"Gestion de contenu, site internet et d\u00e9veloppement web\" srcset=\"https:\/\/www.teicee.com\/wp-content\/uploads\/2023\/12\/cms-site-internet-300x225.webp 300w, https:\/\/www.teicee.com\/wp-content\/uploads\/2023\/12\/cms-site-internet-768x576.webp 768w, https:\/\/www.teicee.com\/wp-content\/uploads\/2023\/12\/cms-site-internet.webp 800w\" sizes=\"auto, (max-width: 300px) 100vw, 300px\" \/>                <\/figure>\n            <\/a>\n            <\/div>\n            <a href=\"https:\/\/www.teicee.com\/en\/solution\/cms-systeme-de-gestion-de-contenu\/\" >\n            <header><h3>CMS<\/h3><\/header>\n            <p>These days, Drupal, WordPress and Joomla are all the rage. At t\u00e9\u00efc\u00e9e, we have the expertise to integrate your needs from A to Z for each of them. Because technologies evolve, and because we are committed to responding with the most appropriate solution, our developers keep abreast of technological developments and constantly update their knowledge. Drupal, for example, has chosen Symfony, a framework that has also been adopted by t\u00e9\u00efc\u00e9e for many years. Whatever the case, we work with you to choose the solution that best meets your needs.<\/p>\n        <\/a>\n    <\/article>\n<\/div>\n<\/div>\n<\/div>","protected":false},"excerpt":{"rendered":"<p>Ergonomie, simplicit\u00e9 et universalit\u00e9 Tels sont nos trois axes directeurs, lorsque vous nous confiez vos d\u00e9veloppements Web. La diversit\u00e9 des \u00e9crans, tablettes, smartphones, portables est un d\u00e9fi permanent pour quiconque veut communiquer sur le Web surtout quand on veut y adjoindre la stabilit\u00e9, la performance ou la convivialit\u00e9. L\u2019ergonomie de votre application Web est d\u00e8s [&hellip;]<\/p>\n","protected":false},"author":1,"featured_media":0,"parent":0,"menu_order":1,"comment_status":"closed","ping_status":"closed","template":"page-background","meta":{"_acf_changed":false,"_uag_custom_page_level_css":"","footnotes":""},"class_list":["post-30","page","type-page","status-publish","hentry"],"acf":[],"yoast_head":"<!-- This site is optimized with the Yoast SEO plugin v27.5 - https:\/\/yoast.com\/product\/yoast-seo-wordpress\/ -->\n<title>D\u00e9veloppement web - t\u00e9\u00efc\u00e9e<\/title>\n<meta name=\"description\" content=\"t\u00e9\u00efc\u00e9e r\u00e9alise du d\u00e9veloppement web sur mesure \u00e0 partir de z\u00e9ro sous symfony ou en se basant sur des CMS tels que wordpress ou drupal.\" \/>\n<meta name=\"robots\" content=\"index, follow, max-snippet:-1, max-image-preview:large, max-video-preview:-1\" \/>\n<link rel=\"canonical\" href=\"https:\/\/www.teicee.com\/en\/developpement-web\/\" \/>\n<meta property=\"og:locale\" content=\"en_GB\" \/>\n<meta property=\"og:type\" content=\"article\" \/>\n<meta property=\"og:title\" content=\"D\u00e9veloppement web et mobile\" \/>\n<meta property=\"og:description\" content=\"t\u00e9\u00efc\u00e9e r\u00e9alise du d\u00e9veloppement web sur mesure \u00e0 partir de z\u00e9ro sous symfony ou en se basant sur des CMS tels que wordpress ou drupal.\" \/>\n<meta property=\"og:url\" content=\"https:\/\/www.teicee.com\/en\/developpement-web\/\" \/>\n<meta property=\"og:site_name\" content=\"t\u00e9\u00efc\u00e9e\" \/>\n<meta property=\"article:publisher\" content=\"https:\/\/www.facebook.com\/teicee\" \/>\n<meta property=\"article:modified_time\" content=\"2026-04-27T15:12:09+00:00\" \/>\n<meta property=\"og:image\" content=\"https:\/\/www.teicee.com\/wp-content\/uploads\/2023\/02\/teicee-300dpi-scaled.jpg\" \/>\n\t<meta property=\"og:image:width\" content=\"2560\" \/>\n\t<meta property=\"og:image:height\" content=\"1163\" \/>\n\t<meta property=\"og:image:type\" content=\"image\/jpeg\" \/>\n<meta name=\"twitter:card\" content=\"summary_large_image\" \/>\n<meta name=\"twitter:label1\" content=\"Estimated reading time\" \/>\n\t<meta name=\"twitter:data1\" content=\"2 minutes\" \/>\n<script type=\"application\/ld+json\" class=\"yoast-schema-graph\">{\"@context\":\"https:\\\/\\\/schema.org\",\"@graph\":[{\"@type\":\"WebPage\",\"@id\":\"https:\\\/\\\/www.teicee.com\\\/developpement-web\\\/\",\"url\":\"https:\\\/\\\/www.teicee.com\\\/developpement-web\\\/\",\"name\":\"D\u00e9veloppement web - t\u00e9\u00efc\u00e9e\",\"isPartOf\":{\"@id\":\"https:\\\/\\\/www.teicee.com\\\/#website\"},\"datePublished\":\"2023-02-02T11:28:37+00:00\",\"dateModified\":\"2026-04-27T15:12:09+00:00\",\"description\":\"t\u00e9\u00efc\u00e9e r\u00e9alise du d\u00e9veloppement web sur mesure \u00e0 partir de z\u00e9ro sous symfony ou en se basant sur des CMS tels que wordpress ou drupal.\",\"breadcrumb\":{\"@id\":\"https:\\\/\\\/www.teicee.com\\\/developpement-web\\\/#breadcrumb\"},\"inLanguage\":\"en-GB\",\"potentialAction\":[{\"@type\":\"ReadAction\",\"target\":[\"https:\\\/\\\/www.teicee.com\\\/developpement-web\\\/\"]}]},{\"@type\":\"BreadcrumbList\",\"@id\":\"https:\\\/\\\/www.teicee.com\\\/developpement-web\\\/#breadcrumb\",\"itemListElement\":[{\"@type\":\"ListItem\",\"position\":1,\"name\":\"Accueil\",\"item\":\"https:\\\/\\\/www.teicee.com\\\/\"},{\"@type\":\"ListItem\",\"position\":2,\"name\":\"D\u00e9veloppement web\"}]},{\"@type\":\"WebSite\",\"@id\":\"https:\\\/\\\/www.teicee.com\\\/#website\",\"url\":\"https:\\\/\\\/www.teicee.com\\\/\",\"name\":\"t\u00e9\u00efc\u00e9e\",\"description\":\"La raison de votre confiance\",\"publisher\":{\"@id\":\"https:\\\/\\\/www.teicee.com\\\/#organization\"},\"potentialAction\":[{\"@type\":\"SearchAction\",\"target\":{\"@type\":\"EntryPoint\",\"urlTemplate\":\"https:\\\/\\\/www.teicee.com\\\/?s={search_term_string}\"},\"query-input\":{\"@type\":\"PropertyValueSpecification\",\"valueRequired\":true,\"valueName\":\"search_term_string\"}}],\"inLanguage\":\"en-GB\"},{\"@type\":\"Organization\",\"@id\":\"https:\\\/\\\/www.teicee.com\\\/#organization\",\"name\":\"t\u00e9\u00efc\u00e9e\",\"url\":\"https:\\\/\\\/www.teicee.com\\\/\",\"logo\":{\"@type\":\"ImageObject\",\"inLanguage\":\"en-GB\",\"@id\":\"https:\\\/\\\/www.teicee.com\\\/#\\\/schema\\\/logo\\\/image\\\/\",\"url\":\"https:\\\/\\\/www.teicee.com\\\/wp-content\\\/uploads\\\/2023\\\/02\\\/teicee-300dpi-scaled.jpg\",\"contentUrl\":\"https:\\\/\\\/www.teicee.com\\\/wp-content\\\/uploads\\\/2023\\\/02\\\/teicee-300dpi-scaled.jpg\",\"width\":2560,\"height\":1163,\"caption\":\"t\u00e9\u00efc\u00e9e\"},\"image\":{\"@id\":\"https:\\\/\\\/www.teicee.com\\\/#\\\/schema\\\/logo\\\/image\\\/\"},\"sameAs\":[\"https:\\\/\\\/www.facebook.com\\\/teicee\",\"https:\\\/\\\/www.linkedin.com\\\/company\\\/t-c-e\\\/\",\"https:\\\/\\\/www.instagram.com\\\/teicee_fr\\\/\"]}]}<\/script>\n<!-- \/ Yoast SEO plugin. -->","yoast_head_json":{"title":"D\u00e9veloppement web - t\u00e9\u00efc\u00e9e","description":"t\u00e9\u00efc\u00e9e r\u00e9alise du d\u00e9veloppement web sur mesure \u00e0 partir de z\u00e9ro sous symfony ou en se basant sur des CMS tels que wordpress ou drupal.","robots":{"index":"index","follow":"follow","max-snippet":"max-snippet:-1","max-image-preview":"max-image-preview:large","max-video-preview":"max-video-preview:-1"},"canonical":"https:\/\/www.teicee.com\/en\/developpement-web\/","og_locale":"en_GB","og_type":"article","og_title":"D\u00e9veloppement web et mobile","og_description":"t\u00e9\u00efc\u00e9e r\u00e9alise du d\u00e9veloppement web sur mesure \u00e0 partir de z\u00e9ro sous symfony ou en se basant sur des CMS tels que wordpress ou drupal.","og_url":"https:\/\/www.teicee.com\/en\/developpement-web\/","og_site_name":"t\u00e9\u00efc\u00e9e","article_publisher":"https:\/\/www.facebook.com\/teicee","article_modified_time":"2026-04-27T15:12:09+00:00","og_image":[{"width":2560,"height":1163,"url":"https:\/\/www.teicee.com\/wp-content\/uploads\/2023\/02\/teicee-300dpi-scaled.jpg","type":"image\/jpeg"}],"twitter_card":"summary_large_image","twitter_misc":{"Estimated reading time":"2 minutes"},"schema":{"@context":"https:\/\/schema.org","@graph":[{"@type":"WebPage","@id":"https:\/\/www.teicee.com\/developpement-web\/","url":"https:\/\/www.teicee.com\/developpement-web\/","name":"D\u00e9veloppement web - t\u00e9\u00efc\u00e9e","isPartOf":{"@id":"https:\/\/www.teicee.com\/#website"},"datePublished":"2023-02-02T11:28:37+00:00","dateModified":"2026-04-27T15:12:09+00:00","description":"t\u00e9\u00efc\u00e9e r\u00e9alise du d\u00e9veloppement web sur mesure \u00e0 partir de z\u00e9ro sous symfony ou en se basant sur des CMS tels que wordpress ou drupal.","breadcrumb":{"@id":"https:\/\/www.teicee.com\/developpement-web\/#breadcrumb"},"inLanguage":"en-GB","potentialAction":[{"@type":"ReadAction","target":["https:\/\/www.teicee.com\/developpement-web\/"]}]},{"@type":"BreadcrumbList","@id":"https:\/\/www.teicee.com\/developpement-web\/#breadcrumb","itemListElement":[{"@type":"ListItem","position":1,"name":"Accueil","item":"https:\/\/www.teicee.com\/"},{"@type":"ListItem","position":2,"name":"D\u00e9veloppement web"}]},{"@type":"WebSite","@id":"https:\/\/www.teicee.com\/#website","url":"https:\/\/www.teicee.com\/","name":"t\u00e9\u00efc\u00e9e","description":"La raison de votre confiance","publisher":{"@id":"https:\/\/www.teicee.com\/#organization"},"potentialAction":[{"@type":"SearchAction","target":{"@type":"EntryPoint","urlTemplate":"https:\/\/www.teicee.com\/?s={search_term_string}"},"query-input":{"@type":"PropertyValueSpecification","valueRequired":true,"valueName":"search_term_string"}}],"inLanguage":"en-GB"},{"@type":"Organization","@id":"https:\/\/www.teicee.com\/#organization","name":"t\u00e9\u00efc\u00e9e","url":"https:\/\/www.teicee.com\/","logo":{"@type":"ImageObject","inLanguage":"en-GB","@id":"https:\/\/www.teicee.com\/#\/schema\/logo\/image\/","url":"https:\/\/www.teicee.com\/wp-content\/uploads\/2023\/02\/teicee-300dpi-scaled.jpg","contentUrl":"https:\/\/www.teicee.com\/wp-content\/uploads\/2023\/02\/teicee-300dpi-scaled.jpg","width":2560,"height":1163,"caption":"t\u00e9\u00efc\u00e9e"},"image":{"@id":"https:\/\/www.teicee.com\/#\/schema\/logo\/image\/"},"sameAs":["https:\/\/www.facebook.com\/teicee","https:\/\/www.linkedin.com\/company\/t-c-e\/","https:\/\/www.instagram.com\/teicee_fr\/"]}]}},"uagb_featured_image_src":{"full":false,"thumbnail":false,"medium":false,"medium_large":false,"large":false,"1536x1536":false,"2048x2048":false,"trp-custom-language-flag":false},"uagb_author_info":{"display_name":"teicee","author_link":"https:\/\/www.teicee.com\/en\/author\/teicee\/"},"uagb_comment_info":0,"uagb_excerpt":"Ergonomie, simplicit\u00e9 et universalit\u00e9 Tels sont nos trois axes directeurs, lorsque vous nous confiez vos d\u00e9veloppements Web. La diversit\u00e9 des \u00e9crans, tablettes, smartphones, portables est un d\u00e9fi permanent pour quiconque veut communiquer sur le Web surtout quand on veut y adjoindre la stabilit\u00e9, la performance ou la convivialit\u00e9. L\u2019ergonomie de votre application Web est d\u00e8s&hellip;","_links":{"self":[{"href":"https:\/\/www.teicee.com\/en\/wp-json\/wp\/v2\/pages\/30","targetHints":{"allow":["GET"]}}],"collection":[{"href":"https:\/\/www.teicee.com\/en\/wp-json\/wp\/v2\/pages"}],"about":[{"href":"https:\/\/www.teicee.com\/en\/wp-json\/wp\/v2\/types\/page"}],"author":[{"embeddable":true,"href":"https:\/\/www.teicee.com\/en\/wp-json\/wp\/v2\/users\/1"}],"replies":[{"embeddable":true,"href":"https:\/\/www.teicee.com\/en\/wp-json\/wp\/v2\/comments?post=30"}],"version-history":[{"count":58,"href":"https:\/\/www.teicee.com\/en\/wp-json\/wp\/v2\/pages\/30\/revisions"}],"predecessor-version":[{"id":2934,"href":"https:\/\/www.teicee.com\/en\/wp-json\/wp\/v2\/pages\/30\/revisions\/2934"}],"wp:attachment":[{"href":"https:\/\/www.teicee.com\/en\/wp-json\/wp\/v2\/media?parent=30"}],"curies":[{"name":"wp","href":"https:\/\/api.w.org\/{rel}","templated":true}]}}