{"id":37,"date":"2023-02-02T12:29:41","date_gmt":"2023-02-02T11:29:41","guid":{"rendered":"https:\/\/teicee-wp6.dev.teicee.fr\/?page_id=37"},"modified":"2023-09-21T10:08:30","modified_gmt":"2023-09-21T08:08:30","slug":"conseils","status":"publish","type":"page","link":"https:\/\/www.teicee.com\/en\/conseils\/","title":{"rendered":"Advising, passing on"},"content":{"rendered":"<div class=\"header conseils\">\n            <div class=\"row top-screen\">\n            <div class=\"col-lg-6 col-xl-7 col-xxl-7 top-header\">\n            <a href=\"\/en\/\"><img decoding=\"async\" src=\"\/wp-content\/uploads\/2023\/02\/teicee-300dpi-scaled.jpg\" class=\"teicee\" alt=\"t\u00e9\u00efc\u00e9e\"><\/a>\n            <h1 class=\"\">Advising, passing on<\/h1>\n            <h2>Ask for advice, decide for yourself<\/h2>\n            <p>Our expertise in a range of IT and web-related professions means we can provide high-quality advice and training.<\/p>\n                 \n        <\/div>\n            <\/div>\n<\/div>\n\n<style>\n    \/*.header{height: calc(100vh - 140px);}*\/\n\n    .header.home {\n        background-image: url(https:\/\/www.teicee.com\/wp-content\/uploads\/2023\/02\/enfants.jpg);\n    }\n    .header.developpement{\n        background-image: url(https:\/\/www.teicee.com\/wp-content\/uploads\/2023\/02\/enfants.jpg);\n    }\n    .header.systemes{\n        background-image: url(https:\/\/www.teicee.com\/wp-content\/uploads\/2023\/02\/enfants.jpg); \n    }\n    .header.conseils{\n        background-image: url(https:\/\/www.teicee.com\/wp-content\/uploads\/2023\/02\/enfants.jpg);    \n    }\n    .header.solutions{\n        background-image: url(https:\/\/www.teicee.com\/wp-content\/uploads\/2023\/02\/enfants.jpg);\n    }\n    .header.blog{\n        background-image: url(https:\/\/www.teicee.com\/wp-content\/uploads\/2023\/02\/enfants.jpg);\n    }\n    .header.contact{\n        background-image: url(https:\/\/www.teicee.com\/wp-content\/uploads\/2023\/02\/enfants.jpg);\n    }\n    .header.temoignage{\n        background-image: url(https:\/\/www.teicee.com\/wp-content\/uploads\/2023\/02\/enfants.jpg); \n    }\n<\/style>\n\n\n<h3 class=\"wp-block-heading\">Advisory services<\/h3>\n\n\n\n<div class=\"wp-block-group is-nowrap is-layout-flex wp-container-core-group-is-layout-6c531013 wp-block-group-is-layout-flex\">\n<div class=\"wp-block-columns is-layout-flex wp-container-core-columns-is-layout-28f84493 wp-block-columns-is-layout-flex\">\n<div class=\"wp-block-column is-layout-flow wp-block-column-is-layout-flow\"><!-- <div class=\"col-12 col-lg-6 img-carre\"> -->\n<div class=\"img-carre\">\n    <div class=\"element-svg cercle\">\n        <svg id=\"uuid-1e458e34-9818-49d8-a91d-fc9aaed89cde\" data-name=\"Calque 1\" xmlns=\"http:\/\/www.w3.org\/2000\/svg\" viewbox=\"0 0 205.488 205.473\">\n          <path id=\"uuid-ae0319f0-bcee-4843-b7a5-1f780fa0ce92\" data-name=\"Intersection 6\" d=\"M95.584,204.059l108.49-108.49-108.49,108.49Zm107.871-87.871l-87.252,87.253,87.252-87.253Zm-125.146,85.144l123.037-123.037-123.037,123.037Zm-15-5L196.348,63.294,63.309,196.333h0Zm132.3-52.301l-51.564,51.564,51.564-51.564ZM50.087,189.553L189.567,50.074,50.088,189.553h0Zm-11.691-8.308L181.258,38.383,38.396,181.245Zm-10.278-9.722L171.537,28.106,28.119,171.523Zm-8.882-11.119L160.418,19.223,19.238,160.404h0Zm-7.408-12.59L147.829,11.814,11.829,147.814Zm-5.753-14.247L133.589,6.054,6.076,133.567Zm-3.719-16.28L117.309,2.336,2.356,117.287Zm-.922-19.079L98.229,1.414,1.429,98.214l.006-.006Zm3.977-23.977L74.252,5.39,5.412,74.231Z\" style=\"fill: #fff; isolation: isolate; opacity: .296; stroke: #b5dc17; stroke-width: 4px;\"\/>\n        <\/svg>\n    <\/div>\n    <figure class=\"img-shadow\">\n        <img loading=\"lazy\" decoding=\"async\" width=\"300\" height=\"200\" src=\"https:\/\/www.teicee.com\/wp-content\/uploads\/2023\/02\/teicee-conseiller-transmettre-300x200.jpg\" class=\"attachment-medium size-medium\" alt=\"professionnels du web autour d&#039;un caf\u00e9\" srcset=\"https:\/\/www.teicee.com\/wp-content\/uploads\/2023\/02\/teicee-conseiller-transmettre-300x200.jpg 300w, https:\/\/www.teicee.com\/wp-content\/uploads\/2023\/02\/teicee-conseiller-transmettre-1024x683.jpg 1024w, https:\/\/www.teicee.com\/wp-content\/uploads\/2023\/02\/teicee-conseiller-transmettre-768x512.jpg 768w, https:\/\/www.teicee.com\/wp-content\/uploads\/2023\/02\/teicee-conseiller-transmettre.jpg 1300w\" sizes=\"auto, (max-width: 300px) 100vw, 300px\" \/>    <\/figure>\n<\/div>\n<\/div>\n\n\n\n<div class=\"wp-block-column is-layout-flow wp-block-column-is-layout-flow\">\n<div style=\"height:50px\" aria-hidden=\"true\" class=\"wp-block-spacer\"><\/div>\n\n\n\n<p>Every day, <strong>te\u00efc\u00e9e<\/strong> is building on its experience in its core businesses: web application development, systems, networks, security in all its aspects (flows, data, RGPD) right through to the integration of complex solutions. Our experience and expertise in these different areas are the very foundation of the quality of our advice. Both provide you with a relevant response based on a global vision of IT solutions. What's more, they enable us to be a driving force behind proposals, so that we can quickly offer you robust, well-informed, long-term solutions.<\/p>\n<\/div>\n<\/div>\n<\/div>\n\n\n\n<div class=\"wp-block-group is-nowrap is-layout-flex wp-container-core-group-is-layout-6c531013 wp-block-group-is-layout-flex\">\n<div class=\"wp-block-columns is-layout-flex wp-container-core-columns-is-layout-28f84493 wp-block-columns-is-layout-flex\">\n<div class=\"wp-block-column is-layout-flow wp-block-column-is-layout-flow\">\n\n  <div class=\"theme-systemes\">\n    <div class=\"icone\">\n     <i class=\"fa-classic fa-solid fa-magnifying-glass\" aria-hidden=\"true\"><\/i>      \n \t<\/div>\n    <h4>\n    \tAudit \n    <\/h4>\n  <\/div>\n  <p>\n  \tFor an audit, you need a service provider with a global vision, who understands the challenges and the context in which you operate. Whether it's in systems or network infrastructure, security or application development, t\u00e9\u00efc\u00e9e offers you a tailor-made support solution to take stock of what already exists, identify areas for improvement and support you in the changes you need to implement. \n  <\/p>\n<\/div>\n\n\n\n<div class=\"wp-block-column is-layout-flow wp-block-column-is-layout-flow\">\n\n  <div class=\"theme-systemes\">\n    <div class=\"icone\">\n     <i class=\"fa-classic fa-solid fa-question\" aria-hidden=\"true\"><\/i>      \n \t<\/div>\n    <h4>\n    \tAMOA \n    <\/h4>\n  <\/div>\n  <p>\n  \tTo support you in your technological projects, you need a reliable partner who is open and willing to listen. From drafting specifications and drawing up evaluation grids for candidates, to finding and interviewing service providers, t\u00e9\u00efc\u00e9e can help you in your role as project owner to bring your projects to a successful conclusion, however complex they may be. \n  <\/p>\n<\/div>\n\n\n\n<div class=\"wp-block-column is-layout-flow wp-block-column-is-layout-flow\"><\/div>\n<\/div>\n<\/div>\n\n\n\n<h3 class=\"wp-block-heading\">Knowledge sharing<\/h3>\n\n\n\n<div class=\"wp-block-group is-nowrap is-layout-flex wp-container-core-group-is-layout-6c531013 wp-block-group-is-layout-flex\">\n<div class=\"wp-block-columns is-layout-flex wp-container-core-columns-is-layout-28f84493 wp-block-columns-is-layout-flex\">\n<div class=\"wp-block-column is-layout-flow wp-block-column-is-layout-flow\"><!-- <div class=\"col-12 col-lg-6 img-carre\"> -->\n<div class=\"img-carre\">\n    <div class=\"element-svg cercle\">\n        <svg id=\"uuid-1e458e34-9818-49d8-a91d-fc9aaed89cde\" data-name=\"Calque 1\" xmlns=\"http:\/\/www.w3.org\/2000\/svg\" viewbox=\"0 0 205.488 205.473\">\n          <path id=\"uuid-ae0319f0-bcee-4843-b7a5-1f780fa0ce92\" data-name=\"Intersection 6\" d=\"M95.584,204.059l108.49-108.49-108.49,108.49Zm107.871-87.871l-87.252,87.253,87.252-87.253Zm-125.146,85.144l123.037-123.037-123.037,123.037Zm-15-5L196.348,63.294,63.309,196.333h0Zm132.3-52.301l-51.564,51.564,51.564-51.564ZM50.087,189.553L189.567,50.074,50.088,189.553h0Zm-11.691-8.308L181.258,38.383,38.396,181.245Zm-10.278-9.722L171.537,28.106,28.119,171.523Zm-8.882-11.119L160.418,19.223,19.238,160.404h0Zm-7.408-12.59L147.829,11.814,11.829,147.814Zm-5.753-14.247L133.589,6.054,6.076,133.567Zm-3.719-16.28L117.309,2.336,2.356,117.287Zm-.922-19.079L98.229,1.414,1.429,98.214l.006-.006Zm3.977-23.977L74.252,5.39,5.412,74.231Z\" style=\"fill: #fff; isolation: isolate; opacity: .296; stroke: #b5dc17; stroke-width: 4px;\"\/>\n        <\/svg>\n    <\/div>\n    <figure class=\"img-shadow\">\n        <img loading=\"lazy\" decoding=\"async\" width=\"300\" height=\"200\" src=\"https:\/\/www.teicee.com\/wp-content\/uploads\/2023\/02\/teicee-formation-partage-300x200.jpg\" class=\"attachment-medium size-medium\" alt=\"Equipe Web r\u00e9fl\u00e9chissant sur un projet\" srcset=\"https:\/\/www.teicee.com\/wp-content\/uploads\/2023\/02\/teicee-formation-partage-300x200.jpg 300w, https:\/\/www.teicee.com\/wp-content\/uploads\/2023\/02\/teicee-formation-partage-1024x683.jpg 1024w, https:\/\/www.teicee.com\/wp-content\/uploads\/2023\/02\/teicee-formation-partage-768x512.jpg 768w, https:\/\/www.teicee.com\/wp-content\/uploads\/2023\/02\/teicee-formation-partage.jpg 1300w\" sizes=\"auto, (max-width: 300px) 100vw, 300px\" \/>    <\/figure>\n<\/div>\n<\/div>\n\n\n\n<div class=\"wp-block-column is-layout-flow wp-block-column-is-layout-flow\">\n<div style=\"height:50px\" aria-hidden=\"true\" class=\"wp-block-spacer\"><\/div>\n\n\n\n<p>Your autonomy and independence are the best indicators of the quality of our work. Our developments must above all be your tools. That's why, at <strong>t\u00e9\u00efc\u00e9e<\/strong>Training and skills transfer are essential phases in our development process. If the specification phase is when we listen carefully, the phase when we deliver our work is when you receive training. Our ultimate aim is to make it easier for you to take full control of what belongs to you!<\/p>\n<\/div>\n<\/div>\n<\/div>\n\n\n\n<div class=\"wp-block-group has-global-padding is-layout-constrained wp-block-group-is-layout-constrained\">\n<div class=\"wp-block-columns is-layout-flex wp-container-core-columns-is-layout-28f84493 wp-block-columns-is-layout-flex\">\n<div class=\"wp-block-column is-layout-flow wp-block-column-is-layout-flow\">\n\n  <div class=\"theme-systemes\">\n    <div class=\"icone\">\n     <i class=\"fa-classic fa-solid fa-chalkboard-user\" aria-hidden=\"true\"><\/i>      \n \t<\/div>\n    <h4>\n    \tTraining \n    <\/h4>\n  <\/div>\n  <p>\n  \tt\u00e9\u00efc\u00e9e offers training in all its areas of expertise and only in its areas of expertise. Whether you want to enhance your knowledge or master a new technology or tool, our training courses are adapted to every situation. We also regularly organise training courses on Bacula Administrator 1 &amp; 2, Libre Office... \n  <\/p>\n<\/div>\n\n\n\n<div class=\"wp-block-column is-layout-flow wp-block-column-is-layout-flow\">\n\n  <div class=\"theme-systemes\">\n    <div class=\"icone\">\n     <i class=\"fa-classic fa-solid fa-people-arrows\" aria-hidden=\"true\"><\/i>      \n \t<\/div>\n    <h4>\n    \tSkill transfer \n    <\/h4>\n  <\/div>\n  <p>\n  \tWhen t\u00e9\u00efc\u00e9e delivers a \u2018turnkey\u2019 project, it's turnkey right through to the transfer of skills. Your training in administration or the use of your new tools is designed to give you complete autonomy and independence. The aim is to give you all the keys you need to succeed and go further. \n  <\/p>\n<\/div>\n\n\n\n<div class=\"wp-block-column is-layout-flow wp-block-column-is-layout-flow\"><\/div>\n<\/div>\n<\/div>","protected":false},"excerpt":{"rendered":"<p>M\u00e9tiers conseil Chaque jour, te\u00efc\u00e9e renforce son exp\u00e9rience dans les m\u00e9tiers qui sont les siens: le d\u00e9veloppement d&rsquo;applications Web, les Syst\u00e8mes, les R\u00e9seaux, la S\u00e9curit\u00e9 sous tous ses aspects (flux, donn\u00e9es, RGPD) jusqu&rsquo;\u00e0 l&rsquo;int\u00e9gration de solutions complexes. Notre exp\u00e9rience comme notre expertise dans ces diff\u00e9rents m\u00e9tiers constituent la qualit\u00e9 m\u00eame de notre conseil. L&rsquo;une et [&hellip;]<\/p>\n","protected":false},"author":1,"featured_media":0,"parent":0,"menu_order":4,"comment_status":"closed","ping_status":"closed","template":"page-background","meta":{"_acf_changed":false,"_uag_custom_page_level_css":"","footnotes":""},"class_list":["post-37","page","type-page","status-publish","hentry"],"acf":[],"yoast_head":"<!-- This site is optimized with the Yoast SEO plugin v27.5 - https:\/\/yoast.com\/product\/yoast-seo-wordpress\/ -->\n<title>Conseiller, transmettre - t\u00e9\u00efc\u00e9e<\/title>\n<meta name=\"robots\" content=\"index, follow, max-snippet:-1, max-image-preview:large, max-video-preview:-1\" \/>\n<link rel=\"canonical\" href=\"https:\/\/www.teicee.com\/en\/conseils\/\" \/>\n<meta property=\"og:locale\" content=\"en_GB\" \/>\n<meta property=\"og:type\" content=\"article\" \/>\n<meta property=\"og:title\" content=\"Conseiller, transmettre - t\u00e9\u00efc\u00e9e\" \/>\n<meta property=\"og:description\" content=\"M\u00e9tiers conseil Chaque jour, te\u00efc\u00e9e renforce son exp\u00e9rience dans les m\u00e9tiers qui sont les siens: le d\u00e9veloppement d&rsquo;applications Web, les Syst\u00e8mes, les R\u00e9seaux, la S\u00e9curit\u00e9 sous tous ses aspects (flux, donn\u00e9es, RGPD) jusqu&rsquo;\u00e0 l&rsquo;int\u00e9gration de solutions complexes. Notre exp\u00e9rience comme notre expertise dans ces diff\u00e9rents m\u00e9tiers constituent la qualit\u00e9 m\u00eame de notre conseil. L&rsquo;une et [&hellip;]\" \/>\n<meta property=\"og:url\" content=\"https:\/\/www.teicee.com\/en\/conseils\/\" \/>\n<meta property=\"og:site_name\" content=\"t\u00e9\u00efc\u00e9e\" \/>\n<meta property=\"article:publisher\" content=\"https:\/\/www.facebook.com\/teicee\" \/>\n<meta property=\"article:modified_time\" content=\"2023-09-21T08:08:30+00:00\" \/>\n<meta name=\"twitter:card\" content=\"summary_large_image\" \/>\n<meta name=\"twitter:label1\" content=\"Estimated reading time\" \/>\n\t<meta name=\"twitter:data1\" content=\"1 minute\" \/>\n<script type=\"application\/ld+json\" class=\"yoast-schema-graph\">{\"@context\":\"https:\\\/\\\/schema.org\",\"@graph\":[{\"@type\":\"WebPage\",\"@id\":\"https:\\\/\\\/www.teicee.com\\\/conseils\\\/\",\"url\":\"https:\\\/\\\/www.teicee.com\\\/conseils\\\/\",\"name\":\"Conseiller, transmettre - t\u00e9\u00efc\u00e9e\",\"isPartOf\":{\"@id\":\"https:\\\/\\\/www.teicee.com\\\/#website\"},\"datePublished\":\"2023-02-02T11:29:41+00:00\",\"dateModified\":\"2023-09-21T08:08:30+00:00\",\"breadcrumb\":{\"@id\":\"https:\\\/\\\/www.teicee.com\\\/conseils\\\/#breadcrumb\"},\"inLanguage\":\"en-GB\",\"potentialAction\":[{\"@type\":\"ReadAction\",\"target\":[\"https:\\\/\\\/www.teicee.com\\\/conseils\\\/\"]}]},{\"@type\":\"BreadcrumbList\",\"@id\":\"https:\\\/\\\/www.teicee.com\\\/conseils\\\/#breadcrumb\",\"itemListElement\":[{\"@type\":\"ListItem\",\"position\":1,\"name\":\"Accueil\",\"item\":\"https:\\\/\\\/www.teicee.com\\\/\"},{\"@type\":\"ListItem\",\"position\":2,\"name\":\"Conseiller, transmettre\"}]},{\"@type\":\"WebSite\",\"@id\":\"https:\\\/\\\/www.teicee.com\\\/#website\",\"url\":\"https:\\\/\\\/www.teicee.com\\\/\",\"name\":\"t\u00e9\u00efc\u00e9e\",\"description\":\"La raison de votre confiance\",\"publisher\":{\"@id\":\"https:\\\/\\\/www.teicee.com\\\/#organization\"},\"potentialAction\":[{\"@type\":\"SearchAction\",\"target\":{\"@type\":\"EntryPoint\",\"urlTemplate\":\"https:\\\/\\\/www.teicee.com\\\/?s={search_term_string}\"},\"query-input\":{\"@type\":\"PropertyValueSpecification\",\"valueRequired\":true,\"valueName\":\"search_term_string\"}}],\"inLanguage\":\"en-GB\"},{\"@type\":\"Organization\",\"@id\":\"https:\\\/\\\/www.teicee.com\\\/#organization\",\"name\":\"t\u00e9\u00efc\u00e9e\",\"url\":\"https:\\\/\\\/www.teicee.com\\\/\",\"logo\":{\"@type\":\"ImageObject\",\"inLanguage\":\"en-GB\",\"@id\":\"https:\\\/\\\/www.teicee.com\\\/#\\\/schema\\\/logo\\\/image\\\/\",\"url\":\"https:\\\/\\\/www.teicee.com\\\/wp-content\\\/uploads\\\/2023\\\/02\\\/teicee-300dpi-scaled.jpg\",\"contentUrl\":\"https:\\\/\\\/www.teicee.com\\\/wp-content\\\/uploads\\\/2023\\\/02\\\/teicee-300dpi-scaled.jpg\",\"width\":2560,\"height\":1163,\"caption\":\"t\u00e9\u00efc\u00e9e\"},\"image\":{\"@id\":\"https:\\\/\\\/www.teicee.com\\\/#\\\/schema\\\/logo\\\/image\\\/\"},\"sameAs\":[\"https:\\\/\\\/www.facebook.com\\\/teicee\",\"https:\\\/\\\/www.linkedin.com\\\/company\\\/t-c-e\\\/\",\"https:\\\/\\\/www.instagram.com\\\/teicee_fr\\\/\"]}]}<\/script>\n<!-- \/ Yoast SEO plugin. -->","yoast_head_json":{"title":"Conseiller, transmettre - t\u00e9\u00efc\u00e9e","robots":{"index":"index","follow":"follow","max-snippet":"max-snippet:-1","max-image-preview":"max-image-preview:large","max-video-preview":"max-video-preview:-1"},"canonical":"https:\/\/www.teicee.com\/en\/conseils\/","og_locale":"en_GB","og_type":"article","og_title":"Conseiller, transmettre - t\u00e9\u00efc\u00e9e","og_description":"M\u00e9tiers conseil Chaque jour, te\u00efc\u00e9e renforce son exp\u00e9rience dans les m\u00e9tiers qui sont les siens: le d\u00e9veloppement d&rsquo;applications Web, les Syst\u00e8mes, les R\u00e9seaux, la S\u00e9curit\u00e9 sous tous ses aspects (flux, donn\u00e9es, RGPD) jusqu&rsquo;\u00e0 l&rsquo;int\u00e9gration de solutions complexes. Notre exp\u00e9rience comme notre expertise dans ces diff\u00e9rents m\u00e9tiers constituent la qualit\u00e9 m\u00eame de notre conseil. L&rsquo;une et [&hellip;]","og_url":"https:\/\/www.teicee.com\/en\/conseils\/","og_site_name":"t\u00e9\u00efc\u00e9e","article_publisher":"https:\/\/www.facebook.com\/teicee","article_modified_time":"2023-09-21T08:08:30+00:00","twitter_card":"summary_large_image","twitter_misc":{"Estimated reading time":"1 minute"},"schema":{"@context":"https:\/\/schema.org","@graph":[{"@type":"WebPage","@id":"https:\/\/www.teicee.com\/conseils\/","url":"https:\/\/www.teicee.com\/conseils\/","name":"Conseiller, transmettre - t\u00e9\u00efc\u00e9e","isPartOf":{"@id":"https:\/\/www.teicee.com\/#website"},"datePublished":"2023-02-02T11:29:41+00:00","dateModified":"2023-09-21T08:08:30+00:00","breadcrumb":{"@id":"https:\/\/www.teicee.com\/conseils\/#breadcrumb"},"inLanguage":"en-GB","potentialAction":[{"@type":"ReadAction","target":["https:\/\/www.teicee.com\/conseils\/"]}]},{"@type":"BreadcrumbList","@id":"https:\/\/www.teicee.com\/conseils\/#breadcrumb","itemListElement":[{"@type":"ListItem","position":1,"name":"Accueil","item":"https:\/\/www.teicee.com\/"},{"@type":"ListItem","position":2,"name":"Conseiller, transmettre"}]},{"@type":"WebSite","@id":"https:\/\/www.teicee.com\/#website","url":"https:\/\/www.teicee.com\/","name":"t\u00e9\u00efc\u00e9e","description":"La raison de votre confiance","publisher":{"@id":"https:\/\/www.teicee.com\/#organization"},"potentialAction":[{"@type":"SearchAction","target":{"@type":"EntryPoint","urlTemplate":"https:\/\/www.teicee.com\/?s={search_term_string}"},"query-input":{"@type":"PropertyValueSpecification","valueRequired":true,"valueName":"search_term_string"}}],"inLanguage":"en-GB"},{"@type":"Organization","@id":"https:\/\/www.teicee.com\/#organization","name":"t\u00e9\u00efc\u00e9e","url":"https:\/\/www.teicee.com\/","logo":{"@type":"ImageObject","inLanguage":"en-GB","@id":"https:\/\/www.teicee.com\/#\/schema\/logo\/image\/","url":"https:\/\/www.teicee.com\/wp-content\/uploads\/2023\/02\/teicee-300dpi-scaled.jpg","contentUrl":"https:\/\/www.teicee.com\/wp-content\/uploads\/2023\/02\/teicee-300dpi-scaled.jpg","width":2560,"height":1163,"caption":"t\u00e9\u00efc\u00e9e"},"image":{"@id":"https:\/\/www.teicee.com\/#\/schema\/logo\/image\/"},"sameAs":["https:\/\/www.facebook.com\/teicee","https:\/\/www.linkedin.com\/company\/t-c-e\/","https:\/\/www.instagram.com\/teicee_fr\/"]}]}},"uagb_featured_image_src":{"full":false,"thumbnail":false,"medium":false,"medium_large":false,"large":false,"1536x1536":false,"2048x2048":false,"trp-custom-language-flag":false},"uagb_author_info":{"display_name":"teicee","author_link":"https:\/\/www.teicee.com\/en\/author\/teicee\/"},"uagb_comment_info":0,"uagb_excerpt":"M\u00e9tiers conseil Chaque jour, te\u00efc\u00e9e renforce son exp\u00e9rience dans les m\u00e9tiers qui sont les siens: le d\u00e9veloppement d&rsquo;applications Web, les Syst\u00e8mes, les R\u00e9seaux, la S\u00e9curit\u00e9 sous tous ses aspects (flux, donn\u00e9es, RGPD) jusqu&rsquo;\u00e0 l&rsquo;int\u00e9gration de solutions complexes. Notre exp\u00e9rience comme notre expertise dans ces diff\u00e9rents m\u00e9tiers constituent la qualit\u00e9 m\u00eame de notre conseil. L&rsquo;une et&hellip;","_links":{"self":[{"href":"https:\/\/www.teicee.com\/en\/wp-json\/wp\/v2\/pages\/37","targetHints":{"allow":["GET"]}}],"collection":[{"href":"https:\/\/www.teicee.com\/en\/wp-json\/wp\/v2\/pages"}],"about":[{"href":"https:\/\/www.teicee.com\/en\/wp-json\/wp\/v2\/types\/page"}],"author":[{"embeddable":true,"href":"https:\/\/www.teicee.com\/en\/wp-json\/wp\/v2\/users\/1"}],"replies":[{"embeddable":true,"href":"https:\/\/www.teicee.com\/en\/wp-json\/wp\/v2\/comments?post=37"}],"version-history":[{"count":35,"href":"https:\/\/www.teicee.com\/en\/wp-json\/wp\/v2\/pages\/37\/revisions"}],"predecessor-version":[{"id":1602,"href":"https:\/\/www.teicee.com\/en\/wp-json\/wp\/v2\/pages\/37\/revisions\/1602"}],"wp:attachment":[{"href":"https:\/\/www.teicee.com\/en\/wp-json\/wp\/v2\/media?parent=37"}],"curies":[{"name":"wp","href":"https:\/\/api.w.org\/{rel}","templated":true}]}}