{"id":39,"date":"2023-02-02T12:29:55","date_gmt":"2023-02-02T11:29:55","guid":{"rendered":"https:\/\/teicee-wp6.dev.teicee.fr\/?page_id=39"},"modified":"2023-06-21T16:46:35","modified_gmt":"2023-06-21T14:46:35","slug":"solutions-logiciels-libres","status":"publish","type":"page","link":"https:\/\/www.teicee.com\/en\/solutions-logiciels-libres\/","title":{"rendered":"Solutions"},"content":{"rendered":"<div class=\"header solutions\">\n            <div class=\"row top-screen\">\n            <div class=\"col-lg-6 col-xl-7 col-xxl-7 top-header\">\n            <a href=\"\/en\/\"><img decoding=\"async\" src=\"\/wp-content\/uploads\/2023\/02\/teicee-300dpi-scaled.jpg\" class=\"teicee\" alt=\"t\u00e9\u00efc\u00e9e\"><\/a>\n            <h1 class=\"\">Solutions<\/h1>\n            <h2>Your data hosted and secured locally.<\/h2>\n            <p>Discover the advantages of accommodation in Normandy and Brittany in our secure areas<\/p>\n                 \n        <\/div>\n            <\/div>\n<\/div>\n\n<style>\n    \/*.header{height: calc(100vh - 140px);}*\/\n\n    .header.home {\n        background-image: url(https:\/\/www.teicee.com\/wp-content\/uploads\/2023\/02\/illustration-solutions.jpg);\n    }\n    .header.developpement{\n        background-image: url(https:\/\/www.teicee.com\/wp-content\/uploads\/2023\/02\/illustration-solutions.jpg);\n    }\n    .header.systemes{\n        background-image: url(https:\/\/www.teicee.com\/wp-content\/uploads\/2023\/02\/illustration-solutions.jpg); \n    }\n    .header.conseils{\n        background-image: url(https:\/\/www.teicee.com\/wp-content\/uploads\/2023\/02\/illustration-solutions.jpg);    \n    }\n    .header.solutions{\n        background-image: url(https:\/\/www.teicee.com\/wp-content\/uploads\/2023\/02\/illustration-solutions.jpg);\n    }\n    .header.blog{\n        background-image: url(https:\/\/www.teicee.com\/wp-content\/uploads\/2023\/02\/illustration-solutions.jpg);\n    }\n    .header.contact{\n        background-image: url(https:\/\/www.teicee.com\/wp-content\/uploads\/2023\/02\/illustration-solutions.jpg);\n    }\n    .header.temoignage{\n        background-image: url(https:\/\/www.teicee.com\/wp-content\/uploads\/2023\/02\/illustration-solutions.jpg); \n    }\n<\/style>\n\n\n<h3 class=\"wp-block-heading\">Being accessible<\/h3>\n\n\n\n<div class=\"wp-block-group is-nowrap is-layout-flex wp-container-core-group-is-layout-6c531013 wp-block-group-is-layout-flex\">\n<div class=\"wp-block-columns is-layout-flex wp-container-core-columns-is-layout-28f84493 wp-block-columns-is-layout-flex\">\n<div class=\"wp-block-column is-layout-flow wp-block-column-is-layout-flow\"><!-- <div class=\"col-12 col-lg-6 img-carre\"> -->\n<div class=\"img-carre\">\n    <div class=\"element-svg cercle\">\n        <svg id=\"uuid-1e458e34-9818-49d8-a91d-fc9aaed89cde\" data-name=\"Calque 1\" xmlns=\"http:\/\/www.w3.org\/2000\/svg\" viewbox=\"0 0 205.488 205.473\">\n          <path id=\"uuid-ae0319f0-bcee-4843-b7a5-1f780fa0ce92\" data-name=\"Intersection 6\" d=\"M95.584,204.059l108.49-108.49-108.49,108.49Zm107.871-87.871l-87.252,87.253,87.252-87.253Zm-125.146,85.144l123.037-123.037-123.037,123.037Zm-15-5L196.348,63.294,63.309,196.333h0Zm132.3-52.301l-51.564,51.564,51.564-51.564ZM50.087,189.553L189.567,50.074,50.088,189.553h0Zm-11.691-8.308L181.258,38.383,38.396,181.245Zm-10.278-9.722L171.537,28.106,28.119,171.523Zm-8.882-11.119L160.418,19.223,19.238,160.404h0Zm-7.408-12.59L147.829,11.814,11.829,147.814Zm-5.753-14.247L133.589,6.054,6.076,133.567Zm-3.719-16.28L117.309,2.336,2.356,117.287Zm-.922-19.079L98.229,1.414,1.429,98.214l.006-.006Zm3.977-23.977L74.252,5.39,5.412,74.231Z\" style=\"fill: #fff; isolation: isolate; opacity: .296; stroke: #b5dc17; stroke-width: 4px;\"\/>\n        <\/svg>\n    <\/div>\n    <figure class=\"img-shadow\">\n        <img loading=\"lazy\" decoding=\"async\" width=\"300\" height=\"200\" src=\"https:\/\/www.teicee.com\/wp-content\/uploads\/2023\/02\/deployer-heberger-utiliser-300x200.jpg\" class=\"attachment-medium size-medium\" alt=\"Jeune fille filant en v\u00e9lo\" srcset=\"https:\/\/www.teicee.com\/wp-content\/uploads\/2023\/02\/deployer-heberger-utiliser-300x200.jpg 300w, https:\/\/www.teicee.com\/wp-content\/uploads\/2023\/02\/deployer-heberger-utiliser-1024x683.jpg 1024w, https:\/\/www.teicee.com\/wp-content\/uploads\/2023\/02\/deployer-heberger-utiliser-768x512.jpg 768w, https:\/\/www.teicee.com\/wp-content\/uploads\/2023\/02\/deployer-heberger-utiliser.jpg 1300w\" sizes=\"auto, (max-width: 300px) 100vw, 300px\" \/>    <\/figure>\n<\/div>\n<\/div>\n\n\n\n<div class=\"wp-block-column d-flex flex-column justify-content-center is-layout-flow wp-block-column-is-layout-flow\">\n<p>Choosing to host your site in France offers a number of advantages, including Rapid access to your data because of the geographical proximity of your hosting provider; Optimised security through the use of a restricted network that is less vulnerable to attack; The guarantee that your activity is governed by European regulations.<\/p>\n\n\n\n<p>The \u2018proximity of our service\u2019 means a contact person who is easy to reach and responsive. Ultimately, it means being available, listening and offering advice.<\/p>\n\n\n\n<p>With that in mind, <strong>te\u00efc\u00e9e<\/strong> not only offers you a range of hosting options, but is also entirely at your disposal to define your needs and help you find the solution best suited to your requirements.<\/p>\n<\/div>\n<\/div>\n<\/div>\n\n\n\n<h3 class=\"wp-block-heading\">A plethora of tools<\/h3>\n\n\n\n<p>Discover a whole range of tools hosted in our secure space and created by our developers on the basis of open source. A range of high-performance, secure tools that can be adapted to your needs.<\/p>","protected":false},"excerpt":{"rendered":"<p>\u00catre accessible Le choix d&rsquo;un h\u00e9bergement situ\u00e9 physiquement dans l&rsquo;hexagone repr\u00e9sente pour vous de nombreux avantages comme: L&rsquo;acc\u00e8s rapide \u00e0 vos donn\u00e9es en raison de la proximit\u00e9 g\u00e9ographique de votre h\u00e9bergeur; La s\u00e9curit\u00e9 optimis\u00e9e par l&rsquo;utilisation d&rsquo;un r\u00e9seau restreint et donc moins vuln\u00e9rable aux attaques; La garantie d&rsquo;une activit\u00e9 encadr\u00e9e par la r\u00e9glementation europ\u00e9enne. La [&hellip;]<\/p>\n","protected":false},"author":1,"featured_media":0,"parent":0,"menu_order":5,"comment_status":"closed","ping_status":"closed","template":"page-solutions","meta":{"_acf_changed":false,"_uag_custom_page_level_css":"","footnotes":""},"class_list":["post-39","page","type-page","status-publish","hentry"],"acf":[],"yoast_head":"<!-- This site is optimized with the Yoast SEO plugin v27.5 - https:\/\/yoast.com\/product\/yoast-seo-wordpress\/ -->\n<title>Solutions - t\u00e9\u00efc\u00e9e<\/title>\n<meta name=\"robots\" content=\"index, follow, max-snippet:-1, max-image-preview:large, max-video-preview:-1\" \/>\n<link rel=\"canonical\" href=\"https:\/\/www.teicee.com\/en\/solutions-logiciels-libres\/\" \/>\n<meta property=\"og:locale\" content=\"en_GB\" \/>\n<meta property=\"og:type\" content=\"article\" \/>\n<meta property=\"og:title\" content=\"Solutions - t\u00e9\u00efc\u00e9e\" \/>\n<meta property=\"og:description\" content=\"\u00catre accessible Le choix d&rsquo;un h\u00e9bergement situ\u00e9 physiquement dans l&rsquo;hexagone repr\u00e9sente pour vous de nombreux avantages comme: L&rsquo;acc\u00e8s rapide \u00e0 vos donn\u00e9es en raison de la proximit\u00e9 g\u00e9ographique de votre h\u00e9bergeur; La s\u00e9curit\u00e9 optimis\u00e9e par l&rsquo;utilisation d&rsquo;un r\u00e9seau restreint et donc moins vuln\u00e9rable aux attaques; La garantie d&rsquo;une activit\u00e9 encadr\u00e9e par la r\u00e9glementation europ\u00e9enne. La [&hellip;]\" \/>\n<meta property=\"og:url\" content=\"https:\/\/www.teicee.com\/en\/solutions-logiciels-libres\/\" \/>\n<meta property=\"og:site_name\" content=\"t\u00e9\u00efc\u00e9e\" \/>\n<meta property=\"article:publisher\" content=\"https:\/\/www.facebook.com\/teicee\" \/>\n<meta property=\"article:modified_time\" content=\"2023-06-21T14:46:35+00:00\" \/>\n<meta name=\"twitter:card\" content=\"summary_large_image\" \/>\n<meta name=\"twitter:label1\" content=\"Estimated reading time\" \/>\n\t<meta name=\"twitter:data1\" content=\"1 minute\" \/>\n<script type=\"application\/ld+json\" class=\"yoast-schema-graph\">{\"@context\":\"https:\\\/\\\/schema.org\",\"@graph\":[{\"@type\":\"WebPage\",\"@id\":\"https:\\\/\\\/www.teicee.com\\\/solutions-logiciels-libres\\\/\",\"url\":\"https:\\\/\\\/www.teicee.com\\\/solutions-logiciels-libres\\\/\",\"name\":\"Solutions - t\u00e9\u00efc\u00e9e\",\"isPartOf\":{\"@id\":\"https:\\\/\\\/www.teicee.com\\\/#website\"},\"datePublished\":\"2023-02-02T11:29:55+00:00\",\"dateModified\":\"2023-06-21T14:46:35+00:00\",\"breadcrumb\":{\"@id\":\"https:\\\/\\\/www.teicee.com\\\/solutions-logiciels-libres\\\/#breadcrumb\"},\"inLanguage\":\"en-GB\",\"potentialAction\":[{\"@type\":\"ReadAction\",\"target\":[\"https:\\\/\\\/www.teicee.com\\\/solutions-logiciels-libres\\\/\"]}]},{\"@type\":\"BreadcrumbList\",\"@id\":\"https:\\\/\\\/www.teicee.com\\\/solutions-logiciels-libres\\\/#breadcrumb\",\"itemListElement\":[{\"@type\":\"ListItem\",\"position\":1,\"name\":\"Accueil\",\"item\":\"https:\\\/\\\/www.teicee.com\\\/\"},{\"@type\":\"ListItem\",\"position\":2,\"name\":\"Solutions\"}]},{\"@type\":\"WebSite\",\"@id\":\"https:\\\/\\\/www.teicee.com\\\/#website\",\"url\":\"https:\\\/\\\/www.teicee.com\\\/\",\"name\":\"t\u00e9\u00efc\u00e9e\",\"description\":\"La raison de votre confiance\",\"publisher\":{\"@id\":\"https:\\\/\\\/www.teicee.com\\\/#organization\"},\"potentialAction\":[{\"@type\":\"SearchAction\",\"target\":{\"@type\":\"EntryPoint\",\"urlTemplate\":\"https:\\\/\\\/www.teicee.com\\\/?s={search_term_string}\"},\"query-input\":{\"@type\":\"PropertyValueSpecification\",\"valueRequired\":true,\"valueName\":\"search_term_string\"}}],\"inLanguage\":\"en-GB\"},{\"@type\":\"Organization\",\"@id\":\"https:\\\/\\\/www.teicee.com\\\/#organization\",\"name\":\"t\u00e9\u00efc\u00e9e\",\"url\":\"https:\\\/\\\/www.teicee.com\\\/\",\"logo\":{\"@type\":\"ImageObject\",\"inLanguage\":\"en-GB\",\"@id\":\"https:\\\/\\\/www.teicee.com\\\/#\\\/schema\\\/logo\\\/image\\\/\",\"url\":\"https:\\\/\\\/www.teicee.com\\\/wp-content\\\/uploads\\\/2023\\\/02\\\/teicee-300dpi-scaled.jpg\",\"contentUrl\":\"https:\\\/\\\/www.teicee.com\\\/wp-content\\\/uploads\\\/2023\\\/02\\\/teicee-300dpi-scaled.jpg\",\"width\":2560,\"height\":1163,\"caption\":\"t\u00e9\u00efc\u00e9e\"},\"image\":{\"@id\":\"https:\\\/\\\/www.teicee.com\\\/#\\\/schema\\\/logo\\\/image\\\/\"},\"sameAs\":[\"https:\\\/\\\/www.facebook.com\\\/teicee\",\"https:\\\/\\\/www.linkedin.com\\\/company\\\/t-c-e\\\/\",\"https:\\\/\\\/www.instagram.com\\\/teicee_fr\\\/\"]}]}<\/script>\n<!-- \/ Yoast SEO plugin. -->","yoast_head_json":{"title":"Solutions - t\u00e9\u00efc\u00e9e","robots":{"index":"index","follow":"follow","max-snippet":"max-snippet:-1","max-image-preview":"max-image-preview:large","max-video-preview":"max-video-preview:-1"},"canonical":"https:\/\/www.teicee.com\/en\/solutions-logiciels-libres\/","og_locale":"en_GB","og_type":"article","og_title":"Solutions - t\u00e9\u00efc\u00e9e","og_description":"\u00catre accessible Le choix d&rsquo;un h\u00e9bergement situ\u00e9 physiquement dans l&rsquo;hexagone repr\u00e9sente pour vous de nombreux avantages comme: L&rsquo;acc\u00e8s rapide \u00e0 vos donn\u00e9es en raison de la proximit\u00e9 g\u00e9ographique de votre h\u00e9bergeur; La s\u00e9curit\u00e9 optimis\u00e9e par l&rsquo;utilisation d&rsquo;un r\u00e9seau restreint et donc moins vuln\u00e9rable aux attaques; La garantie d&rsquo;une activit\u00e9 encadr\u00e9e par la r\u00e9glementation europ\u00e9enne. La [&hellip;]","og_url":"https:\/\/www.teicee.com\/en\/solutions-logiciels-libres\/","og_site_name":"t\u00e9\u00efc\u00e9e","article_publisher":"https:\/\/www.facebook.com\/teicee","article_modified_time":"2023-06-21T14:46:35+00:00","twitter_card":"summary_large_image","twitter_misc":{"Estimated reading time":"1 minute"},"schema":{"@context":"https:\/\/schema.org","@graph":[{"@type":"WebPage","@id":"https:\/\/www.teicee.com\/solutions-logiciels-libres\/","url":"https:\/\/www.teicee.com\/solutions-logiciels-libres\/","name":"Solutions - t\u00e9\u00efc\u00e9e","isPartOf":{"@id":"https:\/\/www.teicee.com\/#website"},"datePublished":"2023-02-02T11:29:55+00:00","dateModified":"2023-06-21T14:46:35+00:00","breadcrumb":{"@id":"https:\/\/www.teicee.com\/solutions-logiciels-libres\/#breadcrumb"},"inLanguage":"en-GB","potentialAction":[{"@type":"ReadAction","target":["https:\/\/www.teicee.com\/solutions-logiciels-libres\/"]}]},{"@type":"BreadcrumbList","@id":"https:\/\/www.teicee.com\/solutions-logiciels-libres\/#breadcrumb","itemListElement":[{"@type":"ListItem","position":1,"name":"Accueil","item":"https:\/\/www.teicee.com\/"},{"@type":"ListItem","position":2,"name":"Solutions"}]},{"@type":"WebSite","@id":"https:\/\/www.teicee.com\/#website","url":"https:\/\/www.teicee.com\/","name":"t\u00e9\u00efc\u00e9e","description":"La raison de votre confiance","publisher":{"@id":"https:\/\/www.teicee.com\/#organization"},"potentialAction":[{"@type":"SearchAction","target":{"@type":"EntryPoint","urlTemplate":"https:\/\/www.teicee.com\/?s={search_term_string}"},"query-input":{"@type":"PropertyValueSpecification","valueRequired":true,"valueName":"search_term_string"}}],"inLanguage":"en-GB"},{"@type":"Organization","@id":"https:\/\/www.teicee.com\/#organization","name":"t\u00e9\u00efc\u00e9e","url":"https:\/\/www.teicee.com\/","logo":{"@type":"ImageObject","inLanguage":"en-GB","@id":"https:\/\/www.teicee.com\/#\/schema\/logo\/image\/","url":"https:\/\/www.teicee.com\/wp-content\/uploads\/2023\/02\/teicee-300dpi-scaled.jpg","contentUrl":"https:\/\/www.teicee.com\/wp-content\/uploads\/2023\/02\/teicee-300dpi-scaled.jpg","width":2560,"height":1163,"caption":"t\u00e9\u00efc\u00e9e"},"image":{"@id":"https:\/\/www.teicee.com\/#\/schema\/logo\/image\/"},"sameAs":["https:\/\/www.facebook.com\/teicee","https:\/\/www.linkedin.com\/company\/t-c-e\/","https:\/\/www.instagram.com\/teicee_fr\/"]}]}},"uagb_featured_image_src":{"full":false,"thumbnail":false,"medium":false,"medium_large":false,"large":false,"1536x1536":false,"2048x2048":false,"trp-custom-language-flag":false},"uagb_author_info":{"display_name":"teicee","author_link":"https:\/\/www.teicee.com\/en\/author\/teicee\/"},"uagb_comment_info":0,"uagb_excerpt":"\u00catre accessible Le choix d&rsquo;un h\u00e9bergement situ\u00e9 physiquement dans l&rsquo;hexagone repr\u00e9sente pour vous de nombreux avantages comme: L&rsquo;acc\u00e8s rapide \u00e0 vos donn\u00e9es en raison de la proximit\u00e9 g\u00e9ographique de votre h\u00e9bergeur; La s\u00e9curit\u00e9 optimis\u00e9e par l&rsquo;utilisation d&rsquo;un r\u00e9seau restreint et donc moins vuln\u00e9rable aux attaques; La garantie d&rsquo;une activit\u00e9 encadr\u00e9e par la r\u00e9glementation europ\u00e9enne. La&hellip;","_links":{"self":[{"href":"https:\/\/www.teicee.com\/en\/wp-json\/wp\/v2\/pages\/39","targetHints":{"allow":["GET"]}}],"collection":[{"href":"https:\/\/www.teicee.com\/en\/wp-json\/wp\/v2\/pages"}],"about":[{"href":"https:\/\/www.teicee.com\/en\/wp-json\/wp\/v2\/types\/page"}],"author":[{"embeddable":true,"href":"https:\/\/www.teicee.com\/en\/wp-json\/wp\/v2\/users\/1"}],"replies":[{"embeddable":true,"href":"https:\/\/www.teicee.com\/en\/wp-json\/wp\/v2\/comments?post=39"}],"version-history":[{"count":19,"href":"https:\/\/www.teicee.com\/en\/wp-json\/wp\/v2\/pages\/39\/revisions"}],"predecessor-version":[{"id":1486,"href":"https:\/\/www.teicee.com\/en\/wp-json\/wp\/v2\/pages\/39\/revisions\/1486"}],"wp:attachment":[{"href":"https:\/\/www.teicee.com\/en\/wp-json\/wp\/v2\/media?parent=39"}],"curies":[{"name":"wp","href":"https:\/\/api.w.org\/{rel}","templated":true}]}}