{"id":43,"date":"2023-02-02T12:30:30","date_gmt":"2023-02-02T11:30:30","guid":{"rendered":"https:\/\/teicee-wp6.dev.teicee.fr\/?page_id=43"},"modified":"2026-01-26T09:19:57","modified_gmt":"2026-01-26T08:19:57","slug":"contact","status":"publish","type":"page","link":"https:\/\/www.teicee.com\/en\/contact\/","title":{"rendered":"Contact"},"content":{"rendered":"<div class=\"header contact\">\n            <div class=\"row top-screen\">\n            <div class=\"col-lg-6 col-xl-7 col-xxl-7 top-header\">\n            <a href=\"\/en\/\"><img decoding=\"async\" src=\"\/wp-content\/uploads\/2023\/02\/teicee-300dpi-scaled.jpg\" class=\"teicee\" alt=\"t\u00e9\u00efc\u00e9e\"><\/a>\n            <h1 class=\"\">Contact<\/h1>\n            <h2>The te\u00efc\u00e9e team at your service<\/h2>\n            <p><\/p>\n                                                            <div class=\"contact\">\n                            <span class=\"me-1\"><i class=\"fa-classic fa-solid fa-phone\" aria-hidden=\"true\"><\/i><\/span>\n                            <span class=\"me-1\">02 72 34 13 20<\/span>\n                        <\/div>\n                                            <div class=\"contact\">\n                            <span class=\"me-1\"><i class=\"fa-classic fa-solid fa-envelope\" aria-hidden=\"true\"><\/i><\/span>\n                            <span class=\"me-1\">contact@teicee.com<\/span>\n                        <\/div>\n                                     \n        <\/div>\n            <\/div>\n<\/div>\n\n<style>\n    \/*.header{height: calc(100vh - 140px);}*\/\n\n    .header.home {\n        background-image: url(https:\/\/www.teicee.com\/wp-content\/uploads\/2023\/02\/illustration-contact.jpg);\n    }\n    .header.developpement{\n        background-image: url(https:\/\/www.teicee.com\/wp-content\/uploads\/2023\/02\/illustration-contact.jpg);\n    }\n    .header.systemes{\n        background-image: url(https:\/\/www.teicee.com\/wp-content\/uploads\/2023\/02\/illustration-contact.jpg); \n    }\n    .header.conseils{\n        background-image: url(https:\/\/www.teicee.com\/wp-content\/uploads\/2023\/02\/illustration-contact.jpg);    \n    }\n    .header.solutions{\n        background-image: url(https:\/\/www.teicee.com\/wp-content\/uploads\/2023\/02\/illustration-contact.jpg);\n    }\n    .header.blog{\n        background-image: url(https:\/\/www.teicee.com\/wp-content\/uploads\/2023\/02\/illustration-contact.jpg);\n    }\n    .header.contact{\n        background-image: url(https:\/\/www.teicee.com\/wp-content\/uploads\/2023\/02\/illustration-contact.jpg);\n    }\n    .header.temoignage{\n        background-image: url(https:\/\/www.teicee.com\/wp-content\/uploads\/2023\/02\/illustration-contact.jpg); \n    }\n<\/style>\n\n\n<h3 class=\"wp-block-heading\">Discover a dynamic, fast-moving team!<\/h3>\n\n\n\n<div class=\"wp-block-columns is-layout-flex wp-container-core-columns-is-layout-28f84493 wp-block-columns-is-layout-flex\">\n<div class=\"wp-block-column is-layout-flow wp-block-column-is-layout-flow\"> <section class=\"mini-team\"><article class=\"teicee-team row p-0\"><div class=\"col-md-6 p-0\"><a href=\"https:\/\/www.teicee.com\/en\/team\/pierrick\/\"><figure>\n<div class=\"img-team\">\n  <div class=\"inner\"> \n    <div class=\"element-svg cercle\">\n      <svg id=\"uuid-1e458e34-9818-49d8-a91d-fc9aaed89cde\" data-name=\"Calque 1\" xmlns=\"http:\/\/www.w3.org\/2000\/svg\" viewbox=\"0 0 205.488 205.473\">\n        <path id=\"uuid-ae0319f0-bcee-4843-b7a5-1f780fa0ce92\" data-name=\"Intersection 6\" d=\"M95.584,204.059l108.49-108.49-108.49,108.49Zm107.871-87.871l-87.252,87.253,87.252-87.253Zm-125.146,85.144l123.037-123.037-123.037,123.037Zm-15-5L196.348,63.294,63.309,196.333h0Zm132.3-52.301l-51.564,51.564,51.564-51.564ZM50.087,189.553L189.567,50.074,50.088,189.553h0Zm-11.691-8.308L181.258,38.383,38.396,181.245Zm-10.278-9.722L171.537,28.106,28.119,171.523Zm-8.882-11.119L160.418,19.223,19.238,160.404h0Zm-7.408-12.59L147.829,11.814,11.829,147.814Zm-5.753-14.247L133.589,6.054,6.076,133.567Zm-3.719-16.28L117.309,2.336,2.356,117.287Zm-.922-19.079L98.229,1.414,1.429,98.214l.006-.006Zm3.977-23.977L74.252,5.39,5.412,74.231Z\" style=\"fill: #fff; isolation: isolate; opacity: .296; stroke: #b5dc17; stroke-width: 4px;\"><\/path>\n      <\/svg>\n    <\/div>\n                    <figure class=\"trombi\">\n         <img loading=\"lazy\" decoding=\"async\" width=\"300\" height=\"300\" src=\"https:\/\/www.teicee.com\/wp-content\/uploads\/2023\/02\/enfant4-300x300.png\" class=\"attachment-medium size-medium\" alt=\"Pierrick r\u00e9f\u00e9rent EPN\" srcset=\"https:\/\/www.teicee.com\/wp-content\/uploads\/2023\/02\/enfant4-300x300.png 300w, https:\/\/www.teicee.com\/wp-content\/uploads\/2023\/02\/enfant4-150x150.png 150w, https:\/\/www.teicee.com\/wp-content\/uploads\/2023\/02\/enfant4.png 512w\" sizes=\"auto, (max-width: 300px) 100vw, 300px\" \/>        <\/figure>\n               \n    <\/div>\n<\/div>\n          <figcaption>\n            <span class=\"personne\">\n              <span class=\"nom\">Pierrick<\/span>\n              <span class=\"poste\">Product Manager<\/span>\n            <\/span>\n          <\/figcaption>\n          <\/figure><\/a><\/div><div class=\"col-md-6 p-0\"><a href=\"https:\/\/www.teicee.com\/en\/team\/albane\/\"><figure>\n<div class=\"img-team\">\n  <div class=\"inner\"> \n    <div class=\"element-svg cercle\">\n      <svg id=\"uuid-1e458e34-9818-49d8-a91d-fc9aaed89cde\" data-name=\"Calque 1\" xmlns=\"http:\/\/www.w3.org\/2000\/svg\" viewbox=\"0 0 205.488 205.473\">\n        <path id=\"uuid-ae0319f0-bcee-4843-b7a5-1f780fa0ce92\" data-name=\"Intersection 6\" d=\"M95.584,204.059l108.49-108.49-108.49,108.49Zm107.871-87.871l-87.252,87.253,87.252-87.253Zm-125.146,85.144l123.037-123.037-123.037,123.037Zm-15-5L196.348,63.294,63.309,196.333h0Zm132.3-52.301l-51.564,51.564,51.564-51.564ZM50.087,189.553L189.567,50.074,50.088,189.553h0Zm-11.691-8.308L181.258,38.383,38.396,181.245Zm-10.278-9.722L171.537,28.106,28.119,171.523Zm-8.882-11.119L160.418,19.223,19.238,160.404h0Zm-7.408-12.59L147.829,11.814,11.829,147.814Zm-5.753-14.247L133.589,6.054,6.076,133.567Zm-3.719-16.28L117.309,2.336,2.356,117.287Zm-.922-19.079L98.229,1.414,1.429,98.214l.006-.006Zm3.977-23.977L74.252,5.39,5.412,74.231Z\" style=\"fill: #fff; isolation: isolate; opacity: .296; stroke: #b5dc17; stroke-width: 4px;\"><\/path>\n      <\/svg>\n    <\/div>\n                    <figure class=\"trombi\">\n         <img loading=\"lazy\" decoding=\"async\" width=\"300\" height=\"300\" src=\"https:\/\/www.teicee.com\/wp-content\/uploads\/2025\/05\/enfant29-300x300.png\" class=\"attachment-medium size-medium\" alt=\"\" srcset=\"https:\/\/www.teicee.com\/wp-content\/uploads\/2025\/05\/enfant29-300x300.png 300w, https:\/\/www.teicee.com\/wp-content\/uploads\/2025\/05\/enfant29-150x150.png 150w, https:\/\/www.teicee.com\/wp-content\/uploads\/2025\/05\/enfant29.png 512w\" sizes=\"auto, (max-width: 300px) 100vw, 300px\" \/>        <\/figure>\n               \n    <\/div>\n<\/div>\n          <figcaption>\n            <span class=\"personne\">\n              <span class=\"nom\">Albane<\/span>\n              <span class=\"poste\">Communication, Marketing and Sales Assistant<\/span>\n            <\/span>\n          <\/figcaption>\n          <\/figure><\/a><\/div><div class=\"col-md-6 p-0\"><a href=\"https:\/\/www.teicee.com\/en\/team\/aurelien-2\/\"><figure>\n<div class=\"img-team\">\n  <div class=\"inner\"> \n    <div class=\"element-svg cercle\">\n      <svg id=\"uuid-1e458e34-9818-49d8-a91d-fc9aaed89cde\" data-name=\"Calque 1\" xmlns=\"http:\/\/www.w3.org\/2000\/svg\" viewbox=\"0 0 205.488 205.473\">\n        <path id=\"uuid-ae0319f0-bcee-4843-b7a5-1f780fa0ce92\" data-name=\"Intersection 6\" d=\"M95.584,204.059l108.49-108.49-108.49,108.49Zm107.871-87.871l-87.252,87.253,87.252-87.253Zm-125.146,85.144l123.037-123.037-123.037,123.037Zm-15-5L196.348,63.294,63.309,196.333h0Zm132.3-52.301l-51.564,51.564,51.564-51.564ZM50.087,189.553L189.567,50.074,50.088,189.553h0Zm-11.691-8.308L181.258,38.383,38.396,181.245Zm-10.278-9.722L171.537,28.106,28.119,171.523Zm-8.882-11.119L160.418,19.223,19.238,160.404h0Zm-7.408-12.59L147.829,11.814,11.829,147.814Zm-5.753-14.247L133.589,6.054,6.076,133.567Zm-3.719-16.28L117.309,2.336,2.356,117.287Zm-.922-19.079L98.229,1.414,1.429,98.214l.006-.006Zm3.977-23.977L74.252,5.39,5.412,74.231Z\" style=\"fill: #fff; isolation: isolate; opacity: .296; stroke: #b5dc17; stroke-width: 4px;\"><\/path>\n      <\/svg>\n    <\/div>\n                    <figure class=\"trombi\">\n         <img loading=\"lazy\" decoding=\"async\" width=\"300\" height=\"300\" src=\"https:\/\/www.teicee.com\/wp-content\/uploads\/2023\/02\/enfant3-300x300.png\" class=\"attachment-medium size-medium\" alt=\"Aur\u00e9lien Chef de projet\" srcset=\"https:\/\/www.teicee.com\/wp-content\/uploads\/2023\/02\/enfant3-300x300.png 300w, https:\/\/www.teicee.com\/wp-content\/uploads\/2023\/02\/enfant3-150x150.png 150w, https:\/\/www.teicee.com\/wp-content\/uploads\/2023\/02\/enfant3.png 512w\" sizes=\"auto, (max-width: 300px) 100vw, 300px\" \/>        <\/figure>\n               \n    <\/div>\n<\/div>\n          <figcaption>\n            <span class=\"personne\">\n              <span class=\"nom\">Aur\u00e9lien<\/span>\n              <span class=\"poste\">Project manager<\/span>\n            <\/span>\n          <\/figcaption>\n          <\/figure><\/a><\/div><div class=\"col-md-6 p-0\"><a href=\"https:\/\/www.teicee.com\/en\/team\/clement\/\"><figure>\n<div class=\"img-team\">\n  <div class=\"inner\"> \n    <div class=\"element-svg cercle\">\n      <svg id=\"uuid-1e458e34-9818-49d8-a91d-fc9aaed89cde\" data-name=\"Calque 1\" xmlns=\"http:\/\/www.w3.org\/2000\/svg\" viewbox=\"0 0 205.488 205.473\">\n        <path id=\"uuid-ae0319f0-bcee-4843-b7a5-1f780fa0ce92\" data-name=\"Intersection 6\" d=\"M95.584,204.059l108.49-108.49-108.49,108.49Zm107.871-87.871l-87.252,87.253,87.252-87.253Zm-125.146,85.144l123.037-123.037-123.037,123.037Zm-15-5L196.348,63.294,63.309,196.333h0Zm132.3-52.301l-51.564,51.564,51.564-51.564ZM50.087,189.553L189.567,50.074,50.088,189.553h0Zm-11.691-8.308L181.258,38.383,38.396,181.245Zm-10.278-9.722L171.537,28.106,28.119,171.523Zm-8.882-11.119L160.418,19.223,19.238,160.404h0Zm-7.408-12.59L147.829,11.814,11.829,147.814Zm-5.753-14.247L133.589,6.054,6.076,133.567Zm-3.719-16.28L117.309,2.336,2.356,117.287Zm-.922-19.079L98.229,1.414,1.429,98.214l.006-.006Zm3.977-23.977L74.252,5.39,5.412,74.231Z\" style=\"fill: #fff; isolation: isolate; opacity: .296; stroke: #b5dc17; stroke-width: 4px;\"><\/path>\n      <\/svg>\n    <\/div>\n                    <figure class=\"trombi\">\n         <img loading=\"lazy\" decoding=\"async\" width=\"300\" height=\"300\" src=\"https:\/\/www.teicee.com\/wp-content\/uploads\/2023\/02\/enfant6-300x300.png\" class=\"attachment-medium size-medium\" alt=\"Cl\u00e9ment Ing\u00e9nieur d\u00e9veloppeur\" srcset=\"https:\/\/www.teicee.com\/wp-content\/uploads\/2023\/02\/enfant6-300x300.png 300w, https:\/\/www.teicee.com\/wp-content\/uploads\/2023\/02\/enfant6-150x150.png 150w, https:\/\/www.teicee.com\/wp-content\/uploads\/2023\/02\/enfant6.png 512w\" sizes=\"auto, (max-width: 300px) 100vw, 300px\" \/>        <\/figure>\n               \n    <\/div>\n<\/div>\n          <figcaption>\n            <span class=\"personne\">\n              <span class=\"nom\">Cl\u00e9ment<\/span>\n              <span class=\"poste\">Development engineer<\/span>\n            <\/span>\n          <\/figcaption>\n          <\/figure><\/a><\/div><\/article><\/section>\n<\/div>\n\n\n\n<div class=\"wp-block-column is-layout-flow wp-block-column-is-layout-flow\">\n<figure class=\"wp-block-image size-large\"><img loading=\"lazy\" decoding=\"async\" width=\"1024\" height=\"681\" src=\"https:\/\/teicee-wp6.dev.teicee.fr\/wp-content\/uploads\/2023\/02\/entree-teicee-1024x681.jpg\" alt=\"\" class=\"wp-image-404\" srcset=\"https:\/\/www.teicee.com\/wp-content\/uploads\/2023\/02\/entree-teicee-1024x681.jpg 1024w, https:\/\/www.teicee.com\/wp-content\/uploads\/2023\/02\/entree-teicee-300x199.jpg 300w, https:\/\/www.teicee.com\/wp-content\/uploads\/2023\/02\/entree-teicee-768x510.jpg 768w, https:\/\/www.teicee.com\/wp-content\/uploads\/2023\/02\/entree-teicee.jpg 1300w\" sizes=\"auto, (max-width: 1024px) 100vw, 1024px\" \/><\/figure>\n<\/div>\n<\/div>\n\n\n\n<div class=\"wp-block-buttons is-layout-flex wp-block-buttons-is-layout-flex\">\n<div class=\"wp-block-button\"><a class=\"wp-block-button__link wp-element-button\" href=\"https:\/\/www.teicee.com\/en\/l-equipe-de-teicee\/\">Meet the entire t\u00e9\u00efc\u00e9e team<\/a><\/div>\n<\/div>\n\n\n\n<h3 class=\"wp-block-heading\">G\u00e9raldine Mock<\/h3>\n\n\n\n<div class=\"wp-block-group is-nowrap is-layout-flex wp-container-core-group-is-layout-6c531013 wp-block-group-is-layout-flex\">\n<div class=\"wp-block-columns is-layout-flex wp-container-core-columns-is-layout-28f84493 wp-block-columns-is-layout-flex\">\n<div class=\"wp-block-column is-layout-flow wp-block-column-is-layout-flow\"><!-- <div class=\"col-12 col-lg-6 img-carre\"> -->\n<div class=\"img-carre\">\n    <div class=\"element-svg cercle\">\n        <svg id=\"uuid-1e458e34-9818-49d8-a91d-fc9aaed89cde\" data-name=\"Calque 1\" xmlns=\"http:\/\/www.w3.org\/2000\/svg\" viewbox=\"0 0 205.488 205.473\">\n          <path id=\"uuid-ae0319f0-bcee-4843-b7a5-1f780fa0ce92\" data-name=\"Intersection 6\" d=\"M95.584,204.059l108.49-108.49-108.49,108.49Zm107.871-87.871l-87.252,87.253,87.252-87.253Zm-125.146,85.144l123.037-123.037-123.037,123.037Zm-15-5L196.348,63.294,63.309,196.333h0Zm132.3-52.301l-51.564,51.564,51.564-51.564ZM50.087,189.553L189.567,50.074,50.088,189.553h0Zm-11.691-8.308L181.258,38.383,38.396,181.245Zm-10.278-9.722L171.537,28.106,28.119,171.523Zm-8.882-11.119L160.418,19.223,19.238,160.404h0Zm-7.408-12.59L147.829,11.814,11.829,147.814Zm-5.753-14.247L133.589,6.054,6.076,133.567Zm-3.719-16.28L117.309,2.336,2.356,117.287Zm-.922-19.079L98.229,1.414,1.429,98.214l.006-.006Zm3.977-23.977L74.252,5.39,5.412,74.231Z\" style=\"fill: #fff; isolation: isolate; opacity: .296; stroke: #b5dc17; stroke-width: 4px;\"\/>\n        <\/svg>\n    <\/div>\n    <figure class=\"img-shadow\">\n        <img loading=\"lazy\" decoding=\"async\" width=\"300\" height=\"169\" src=\"https:\/\/www.teicee.com\/wp-content\/uploads\/2023\/02\/jerrie_mock-300x169.jpg\" class=\"attachment-medium size-medium\" alt=\"Portrait de G\u00e9raldine Mock\" srcset=\"https:\/\/www.teicee.com\/wp-content\/uploads\/2023\/02\/jerrie_mock-300x169.jpg 300w, https:\/\/www.teicee.com\/wp-content\/uploads\/2023\/02\/jerrie_mock-1024x576.jpg 1024w, https:\/\/www.teicee.com\/wp-content\/uploads\/2023\/02\/jerrie_mock-768x432.jpg 768w, https:\/\/www.teicee.com\/wp-content\/uploads\/2023\/02\/jerrie_mock.jpg 1080w\" sizes=\"auto, (max-width: 300px) 100vw, 300px\" \/>    <\/figure>\n<\/div>\n<\/div>\n\n\n\n<div class=\"wp-block-column is-layout-flow wp-block-column-is-layout-flow\">\n<div style=\"height:100px\" aria-hidden=\"true\" class=\"wp-block-spacer d-none d-md-block\"><\/div>\n\n\n\n<p>The head office of <strong>t\u00e9\u00efc\u00e9e<\/strong> is located 153 Rue Geraldine Mock in Bretteville sur Odon.<\/p>\n\n\n\n<p><strong>Geraldine \u00ab Jerrie \u00bb <strong>Fredritz Mock<\/strong><\/strong> (22 November 1925 \/ 30 September 2014) was the first woman to fly solo around the world in 1964. <br>A journey she successfully completed aboard a CESNA 160.<\/p>\n<\/div>\n<\/div>\n<\/div>","protected":false},"excerpt":{"rendered":"<p>D\u00e9couvrez une \u00e9quipe dynamique et bondissante ! G\u00e9raldine Mock Le si\u00e8ge social de t\u00e9\u00efc\u00e9e est situ\u00e9 153 Rue Geraldine Mock \u00e0 Bretteville sur Odon. Geraldine \u00ab Jerrie \u00bb Fredritz Mock (22 novembre 1925 \/ 30 septembre 2014) est la premi\u00e8re femme \u00e0 r\u00e9ussir un tour du monde a\u00e9rien en solo en 1964. P\u00e9riple qu\u2019elle r\u00e9ussit [&hellip;]<\/p>\n","protected":false},"author":1,"featured_media":0,"parent":0,"menu_order":7,"comment_status":"closed","ping_status":"closed","template":"page-background","meta":{"_acf_changed":false,"_uag_custom_page_level_css":"","footnotes":""},"class_list":["post-43","page","type-page","status-publish","hentry"],"acf":[],"yoast_head":"<!-- This site is optimized with the Yoast SEO plugin v27.5 - https:\/\/yoast.com\/product\/yoast-seo-wordpress\/ -->\n<title>Contact - t\u00e9\u00efc\u00e9e<\/title>\n<meta name=\"robots\" content=\"index, follow, max-snippet:-1, max-image-preview:large, max-video-preview:-1\" \/>\n<link rel=\"canonical\" href=\"https:\/\/www.teicee.com\/en\/contact\/\" \/>\n<meta property=\"og:locale\" content=\"en_GB\" \/>\n<meta property=\"og:type\" content=\"article\" \/>\n<meta property=\"og:title\" content=\"Contact - t\u00e9\u00efc\u00e9e\" \/>\n<meta property=\"og:description\" content=\"D\u00e9couvrez une \u00e9quipe dynamique et bondissante ! G\u00e9raldine Mock Le si\u00e8ge social de t\u00e9\u00efc\u00e9e est situ\u00e9 153 Rue Geraldine Mock \u00e0 Bretteville sur Odon. Geraldine \u00ab Jerrie \u00bb Fredritz Mock (22 novembre 1925 \/ 30 septembre 2014) est la premi\u00e8re femme \u00e0 r\u00e9ussir un tour du monde a\u00e9rien en solo en 1964. P\u00e9riple qu\u2019elle r\u00e9ussit [&hellip;]\" \/>\n<meta property=\"og:url\" content=\"https:\/\/www.teicee.com\/en\/contact\/\" \/>\n<meta property=\"og:site_name\" content=\"t\u00e9\u00efc\u00e9e\" \/>\n<meta property=\"article:publisher\" content=\"https:\/\/www.facebook.com\/teicee\" \/>\n<meta property=\"article:modified_time\" content=\"2026-01-26T08:19:57+00:00\" \/>\n<meta property=\"og:image\" content=\"https:\/\/teicee-wp6.dev.teicee.fr\/wp-content\/uploads\/2023\/02\/entree-teicee-1024x681.jpg\" \/>\n<meta name=\"twitter:card\" content=\"summary_large_image\" \/>\n<meta name=\"twitter:label1\" content=\"Estimated reading time\" \/>\n\t<meta name=\"twitter:data1\" content=\"1 minute\" \/>\n<script type=\"application\/ld+json\" class=\"yoast-schema-graph\">{\"@context\":\"https:\\\/\\\/schema.org\",\"@graph\":[{\"@type\":\"WebPage\",\"@id\":\"https:\\\/\\\/www.teicee.com\\\/contact\\\/\",\"url\":\"https:\\\/\\\/www.teicee.com\\\/contact\\\/\",\"name\":\"Contact - t\u00e9\u00efc\u00e9e\",\"isPartOf\":{\"@id\":\"https:\\\/\\\/www.teicee.com\\\/#website\"},\"primaryImageOfPage\":{\"@id\":\"https:\\\/\\\/www.teicee.com\\\/contact\\\/#primaryimage\"},\"image\":{\"@id\":\"https:\\\/\\\/www.teicee.com\\\/contact\\\/#primaryimage\"},\"thumbnailUrl\":\"https:\\\/\\\/teicee-wp6.dev.teicee.fr\\\/wp-content\\\/uploads\\\/2023\\\/02\\\/entree-teicee-1024x681.jpg\",\"datePublished\":\"2023-02-02T11:30:30+00:00\",\"dateModified\":\"2026-01-26T08:19:57+00:00\",\"breadcrumb\":{\"@id\":\"https:\\\/\\\/www.teicee.com\\\/contact\\\/#breadcrumb\"},\"inLanguage\":\"en-GB\",\"potentialAction\":[{\"@type\":\"ReadAction\",\"target\":[\"https:\\\/\\\/www.teicee.com\\\/contact\\\/\"]}]},{\"@type\":\"ImageObject\",\"inLanguage\":\"en-GB\",\"@id\":\"https:\\\/\\\/www.teicee.com\\\/contact\\\/#primaryimage\",\"url\":\"https:\\\/\\\/teicee-wp6.dev.teicee.fr\\\/wp-content\\\/uploads\\\/2023\\\/02\\\/entree-teicee-1024x681.jpg\",\"contentUrl\":\"https:\\\/\\\/teicee-wp6.dev.teicee.fr\\\/wp-content\\\/uploads\\\/2023\\\/02\\\/entree-teicee-1024x681.jpg\"},{\"@type\":\"BreadcrumbList\",\"@id\":\"https:\\\/\\\/www.teicee.com\\\/contact\\\/#breadcrumb\",\"itemListElement\":[{\"@type\":\"ListItem\",\"position\":1,\"name\":\"Accueil\",\"item\":\"https:\\\/\\\/www.teicee.com\\\/\"},{\"@type\":\"ListItem\",\"position\":2,\"name\":\"Contact\"}]},{\"@type\":\"WebSite\",\"@id\":\"https:\\\/\\\/www.teicee.com\\\/#website\",\"url\":\"https:\\\/\\\/www.teicee.com\\\/\",\"name\":\"t\u00e9\u00efc\u00e9e\",\"description\":\"La raison de votre confiance\",\"publisher\":{\"@id\":\"https:\\\/\\\/www.teicee.com\\\/#organization\"},\"potentialAction\":[{\"@type\":\"SearchAction\",\"target\":{\"@type\":\"EntryPoint\",\"urlTemplate\":\"https:\\\/\\\/www.teicee.com\\\/?s={search_term_string}\"},\"query-input\":{\"@type\":\"PropertyValueSpecification\",\"valueRequired\":true,\"valueName\":\"search_term_string\"}}],\"inLanguage\":\"en-GB\"},{\"@type\":\"Organization\",\"@id\":\"https:\\\/\\\/www.teicee.com\\\/#organization\",\"name\":\"t\u00e9\u00efc\u00e9e\",\"url\":\"https:\\\/\\\/www.teicee.com\\\/\",\"logo\":{\"@type\":\"ImageObject\",\"inLanguage\":\"en-GB\",\"@id\":\"https:\\\/\\\/www.teicee.com\\\/#\\\/schema\\\/logo\\\/image\\\/\",\"url\":\"https:\\\/\\\/www.teicee.com\\\/wp-content\\\/uploads\\\/2023\\\/02\\\/teicee-300dpi-scaled.jpg\",\"contentUrl\":\"https:\\\/\\\/www.teicee.com\\\/wp-content\\\/uploads\\\/2023\\\/02\\\/teicee-300dpi-scaled.jpg\",\"width\":2560,\"height\":1163,\"caption\":\"t\u00e9\u00efc\u00e9e\"},\"image\":{\"@id\":\"https:\\\/\\\/www.teicee.com\\\/#\\\/schema\\\/logo\\\/image\\\/\"},\"sameAs\":[\"https:\\\/\\\/www.facebook.com\\\/teicee\",\"https:\\\/\\\/www.linkedin.com\\\/company\\\/t-c-e\\\/\",\"https:\\\/\\\/www.instagram.com\\\/teicee_fr\\\/\"]}]}<\/script>\n<!-- \/ Yoast SEO plugin. -->","yoast_head_json":{"title":"Contact - t\u00e9\u00efc\u00e9e","robots":{"index":"index","follow":"follow","max-snippet":"max-snippet:-1","max-image-preview":"max-image-preview:large","max-video-preview":"max-video-preview:-1"},"canonical":"https:\/\/www.teicee.com\/en\/contact\/","og_locale":"en_GB","og_type":"article","og_title":"Contact - t\u00e9\u00efc\u00e9e","og_description":"D\u00e9couvrez une \u00e9quipe dynamique et bondissante ! G\u00e9raldine Mock Le si\u00e8ge social de t\u00e9\u00efc\u00e9e est situ\u00e9 153 Rue Geraldine Mock \u00e0 Bretteville sur Odon. Geraldine \u00ab Jerrie \u00bb Fredritz Mock (22 novembre 1925 \/ 30 septembre 2014) est la premi\u00e8re femme \u00e0 r\u00e9ussir un tour du monde a\u00e9rien en solo en 1964. P\u00e9riple qu\u2019elle r\u00e9ussit [&hellip;]","og_url":"https:\/\/www.teicee.com\/en\/contact\/","og_site_name":"t\u00e9\u00efc\u00e9e","article_publisher":"https:\/\/www.facebook.com\/teicee","article_modified_time":"2026-01-26T08:19:57+00:00","og_image":[{"url":"https:\/\/teicee-wp6.dev.teicee.fr\/wp-content\/uploads\/2023\/02\/entree-teicee-1024x681.jpg","type":"","width":"","height":""}],"twitter_card":"summary_large_image","twitter_misc":{"Estimated reading time":"1 minute"},"schema":{"@context":"https:\/\/schema.org","@graph":[{"@type":"WebPage","@id":"https:\/\/www.teicee.com\/contact\/","url":"https:\/\/www.teicee.com\/contact\/","name":"Contact - t\u00e9\u00efc\u00e9e","isPartOf":{"@id":"https:\/\/www.teicee.com\/#website"},"primaryImageOfPage":{"@id":"https:\/\/www.teicee.com\/contact\/#primaryimage"},"image":{"@id":"https:\/\/www.teicee.com\/contact\/#primaryimage"},"thumbnailUrl":"https:\/\/teicee-wp6.dev.teicee.fr\/wp-content\/uploads\/2023\/02\/entree-teicee-1024x681.jpg","datePublished":"2023-02-02T11:30:30+00:00","dateModified":"2026-01-26T08:19:57+00:00","breadcrumb":{"@id":"https:\/\/www.teicee.com\/contact\/#breadcrumb"},"inLanguage":"en-GB","potentialAction":[{"@type":"ReadAction","target":["https:\/\/www.teicee.com\/contact\/"]}]},{"@type":"ImageObject","inLanguage":"en-GB","@id":"https:\/\/www.teicee.com\/contact\/#primaryimage","url":"https:\/\/teicee-wp6.dev.teicee.fr\/wp-content\/uploads\/2023\/02\/entree-teicee-1024x681.jpg","contentUrl":"https:\/\/teicee-wp6.dev.teicee.fr\/wp-content\/uploads\/2023\/02\/entree-teicee-1024x681.jpg"},{"@type":"BreadcrumbList","@id":"https:\/\/www.teicee.com\/contact\/#breadcrumb","itemListElement":[{"@type":"ListItem","position":1,"name":"Accueil","item":"https:\/\/www.teicee.com\/"},{"@type":"ListItem","position":2,"name":"Contact"}]},{"@type":"WebSite","@id":"https:\/\/www.teicee.com\/#website","url":"https:\/\/www.teicee.com\/","name":"t\u00e9\u00efc\u00e9e","description":"La raison de votre confiance","publisher":{"@id":"https:\/\/www.teicee.com\/#organization"},"potentialAction":[{"@type":"SearchAction","target":{"@type":"EntryPoint","urlTemplate":"https:\/\/www.teicee.com\/?s={search_term_string}"},"query-input":{"@type":"PropertyValueSpecification","valueRequired":true,"valueName":"search_term_string"}}],"inLanguage":"en-GB"},{"@type":"Organization","@id":"https:\/\/www.teicee.com\/#organization","name":"t\u00e9\u00efc\u00e9e","url":"https:\/\/www.teicee.com\/","logo":{"@type":"ImageObject","inLanguage":"en-GB","@id":"https:\/\/www.teicee.com\/#\/schema\/logo\/image\/","url":"https:\/\/www.teicee.com\/wp-content\/uploads\/2023\/02\/teicee-300dpi-scaled.jpg","contentUrl":"https:\/\/www.teicee.com\/wp-content\/uploads\/2023\/02\/teicee-300dpi-scaled.jpg","width":2560,"height":1163,"caption":"t\u00e9\u00efc\u00e9e"},"image":{"@id":"https:\/\/www.teicee.com\/#\/schema\/logo\/image\/"},"sameAs":["https:\/\/www.facebook.com\/teicee","https:\/\/www.linkedin.com\/company\/t-c-e\/","https:\/\/www.instagram.com\/teicee_fr\/"]}]}},"uagb_featured_image_src":{"full":false,"thumbnail":false,"medium":false,"medium_large":false,"large":false,"1536x1536":false,"2048x2048":false,"trp-custom-language-flag":false},"uagb_author_info":{"display_name":"teicee","author_link":"https:\/\/www.teicee.com\/en\/author\/teicee\/"},"uagb_comment_info":0,"uagb_excerpt":"D\u00e9couvrez une \u00e9quipe dynamique et bondissante ! G\u00e9raldine Mock Le si\u00e8ge social de t\u00e9\u00efc\u00e9e est situ\u00e9 153 Rue Geraldine Mock \u00e0 Bretteville sur Odon. Geraldine \u00ab Jerrie \u00bb Fredritz Mock (22 novembre 1925 \/ 30 septembre 2014) est la premi\u00e8re femme \u00e0 r\u00e9ussir un tour du monde a\u00e9rien en solo en 1964. P\u00e9riple qu\u2019elle r\u00e9ussit&hellip;","_links":{"self":[{"href":"https:\/\/www.teicee.com\/en\/wp-json\/wp\/v2\/pages\/43","targetHints":{"allow":["GET"]}}],"collection":[{"href":"https:\/\/www.teicee.com\/en\/wp-json\/wp\/v2\/pages"}],"about":[{"href":"https:\/\/www.teicee.com\/en\/wp-json\/wp\/v2\/types\/page"}],"author":[{"embeddable":true,"href":"https:\/\/www.teicee.com\/en\/wp-json\/wp\/v2\/users\/1"}],"replies":[{"embeddable":true,"href":"https:\/\/www.teicee.com\/en\/wp-json\/wp\/v2\/comments?post=43"}],"version-history":[{"count":29,"href":"https:\/\/www.teicee.com\/en\/wp-json\/wp\/v2\/pages\/43\/revisions"}],"predecessor-version":[{"id":2729,"href":"https:\/\/www.teicee.com\/en\/wp-json\/wp\/v2\/pages\/43\/revisions\/2729"}],"wp:attachment":[{"href":"https:\/\/www.teicee.com\/en\/wp-json\/wp\/v2\/media?parent=43"}],"curies":[{"name":"wp","href":"https:\/\/api.w.org\/{rel}","templated":true}]}}