{"id":6,"date":"2023-02-02T10:40:33","date_gmt":"2023-02-02T09:40:33","guid":{"rendered":"https:\/\/teicee-wp6.dev.teicee.fr\/?page_id=6"},"modified":"2025-01-08T18:14:13","modified_gmt":"2025-01-08T17:14:13","slug":"teicee-logiciels-libres","status":"publish","type":"page","link":"https:\/\/www.teicee.com\/en\/","title":{"rendered":"Web Development, Systems, Networks and Security"},"content":{"rendered":"<div class=\"header home\">\n        <div class=\"row top-screen\">\n            <div class=\"col-lg-6 col-xl-7 col-xxl-7 top-header\">\n            <a href=\"\/en\/\"><img decoding=\"async\" src=\"\/wp-content\/uploads\/2023\/02\/teicee-300dpi-scaled.jpg\" class=\"teicee\" alt=\"t\u00e9\u00efc\u00e9e\"><\/a>\n            <h1 class=\"\">Web Development, Systems, Networks and Security<\/h1>\n            <h2>Take to the skies with open source software<\/h2>\n            <p><\/p>\n                 \n        <\/div>\n                    <div class=\"col-lg-6 col-xl-5 col-xxl-6 img\"><\/div>\n            <\/div>\n<\/div>\n\n<style>\n    \/*.header{height: calc(100vh - 140px);}*\/\n\n    .header.home {\n        background-image: url(https:\/\/www.teicee.com\/wp-content\/uploads\/2025\/01\/pilotes-teicee.webp);\n    }\n    .header.developpement{\n        background-image: url(https:\/\/www.teicee.com\/wp-content\/uploads\/2025\/01\/pilotes-teicee.webp);\n    }\n    .header.systemes{\n        background-image: url(https:\/\/www.teicee.com\/wp-content\/uploads\/2025\/01\/pilotes-teicee.webp); \n    }\n    .header.conseils{\n        background-image: url(https:\/\/www.teicee.com\/wp-content\/uploads\/2025\/01\/pilotes-teicee.webp);    \n    }\n    .header.solutions{\n        background-image: url(https:\/\/www.teicee.com\/wp-content\/uploads\/2025\/01\/pilotes-teicee.webp);\n    }\n    .header.blog{\n        background-image: url(https:\/\/www.teicee.com\/wp-content\/uploads\/2025\/01\/pilotes-teicee.webp);\n    }\n    .header.contact{\n        background-image: url(https:\/\/www.teicee.com\/wp-content\/uploads\/2025\/01\/pilotes-teicee.webp);\n    }\n    .header.temoignage{\n        background-image: url(https:\/\/www.teicee.com\/wp-content\/uploads\/2025\/01\/pilotes-teicee.webp); \n    }\n<\/style>\n\n\n<div class=\"wp-block-group big-num-title is-nowrap is-layout-flex wp-container-core-group-is-layout-6c531013 wp-block-group-is-layout-flex\">\n<p>3<\/p>\n\n\n\n<div class=\"wp-block-columns is-layout-flex wp-container-core-columns-is-layout-28f84493 wp-block-columns-is-layout-flex\">\n<div class=\"wp-block-column is-layout-flow wp-block-column-is-layout-flow\">\n<p class=\"top-title\">sectors<\/p>\n\n\n\n<p class=\"bottom-title\">To better meet your needs<\/p>\n<\/div>\n<\/div>\n<\/div>\n\n\n\n<?php\/\/Appeler les champs d\u2019un type r\u00e9p\u00e9teur?>\n\n\n          <div class=\"secteurs secteur s1\">\n        <header>\n          <h3>Web development<\/h3>\n          <div class=\"s-num\">1<\/div>\n        <\/header>\n        <div class=\"row\">\n          <div class=\"col-md-4 col-lg-3 d-none d-sm-block resize-img\"><img loading=\"lazy\" decoding=\"async\" width=\"300\" height=\"178\" src=\"https:\/\/www.teicee.com\/wp-content\/uploads\/2025\/01\/developpement-web-300x178.png\" class=\"attachment-medium size-medium\" alt=\"d\u00e9veloppement web\" srcset=\"https:\/\/www.teicee.com\/wp-content\/uploads\/2025\/01\/developpement-web-300x178.png 300w, https:\/\/www.teicee.com\/wp-content\/uploads\/2025\/01\/developpement-web.png 350w\" sizes=\"auto, (max-width: 300px) 100vw, 300px\" \/><\/div>\n          <div class=\"col-12 col-md-8 col-lg-9\">\n            <p><strong>Our applications and developments incorporate optimum protection of user data right from the design stage.<\/strong><\/p>\n            <p>Privacy by design: guaranteeing privacy protection\nSecurity by design: guaranteeing data security\nRGPD: complying with the General Data Protection Regulation\r\n<\/p>\n          <\/div>\n        <\/div>\n      <\/div>\n          <div class=\"secteurs secteur s2\">\n        <header>\n          <h3> Systems, Networks and Security<\/h3>\n          <div class=\"s-num\">2<\/div>\n        <\/header>\n        <div class=\"row\">\n          <div class=\"col-md-4 col-lg-3 d-none d-sm-block resize-img\"><img loading=\"lazy\" decoding=\"async\" width=\"300\" height=\"212\" src=\"https:\/\/www.teicee.com\/wp-content\/uploads\/2025\/01\/systemes-reseaux-300x212.png\" class=\"attachment-medium size-medium\" alt=\"syst\u00e8mes, r\u00e9seaux et cyber s\u00e9curit\u00e9\" srcset=\"https:\/\/www.teicee.com\/wp-content\/uploads\/2025\/01\/systemes-reseaux-300x212.png 300w, https:\/\/www.teicee.com\/wp-content\/uploads\/2025\/01\/systemes-reseaux.png 350w\" sizes=\"auto, (max-width: 300px) 100vw, 300px\" \/><\/div>\n          <div class=\"col-12 col-md-8 col-lg-9\">\n            <p><strong>Whatever the size of your organisation, whatever your sector of activity, t\u00e9\u00efc\u00e9e has your IT needs covered:<\/strong><\/p>\n            <p>Virtualisation and containers to make the most of your resources\nCollaborative tools and sharing to communicate with the world\nSystems, software and hardware solutions to meet all your needs\r\n<\/p>\n          <\/div>\n        <\/div>\n      <\/div>\n          <div class=\"secteurs secteur s3\">\n        <header>\n          <h3> Telecoms<\/h3>\n          <div class=\"s-num\">3<\/div>\n        <\/header>\n        <div class=\"row\">\n          <div class=\"col-md-4 col-lg-3 d-none d-sm-block resize-img\"><img loading=\"lazy\" decoding=\"async\" width=\"300\" height=\"178\" src=\"https:\/\/www.teicee.com\/wp-content\/uploads\/2025\/01\/telecom-300x178.png\" class=\"attachment-medium size-medium\" alt=\"t\u00e9l\u00e9coms\" srcset=\"https:\/\/www.teicee.com\/wp-content\/uploads\/2025\/01\/telecom-300x178.png 300w, https:\/\/www.teicee.com\/wp-content\/uploads\/2025\/01\/telecom.png 350w\" sizes=\"auto, (max-width: 300px) 100vw, 300px\" \/><\/div>\n          <div class=\"col-12 col-md-8 col-lg-9\">\n            <p><strong>All computer applications need to be connected. te\u00efc\u00e9e for you :<\/strong><\/p>\n            <p>Helping you define your network architecture\nDeploying your copper, fibre or WiFi networks and Voice over IP solutions\nDesigning, deploying and administering for you\nSecuring, administering or supervising your services, networks and equipment<\/p>\n          <\/div>\n        <\/div>\n      <\/div>\n    \n\n\n<div style=\"height:50px\" aria-hidden=\"true\" class=\"wp-block-spacer\"><\/div>\n\n\n\n<hr class=\"wp-block-separator aligncenter has-alpha-channel-opacity is-style-dots\"\/>\n\n\n\n<div style=\"height:50px\" aria-hidden=\"true\" class=\"wp-block-spacer\"><\/div>\n\n\n\n<h3 class=\"wp-block-heading\">t\u00e9\u00efc\u00e9e is a partner with<\/h3>\n\n\n\n<div class=\"wp-block-columns partenaires is-layout-flex wp-container-core-columns-is-layout-28f84493 wp-block-columns-is-layout-flex\">\n<div class=\"wp-block-column is-layout-flow wp-block-column-is-layout-flow\">\n<figure class=\"wp-block-image aligncenter size-medium is-resized\"><a href=\"https:\/\/www.teicee.com\/en\/solution\/proxmox-ve-la-solution-de-virtualisation-opensource\/\"><img loading=\"lazy\" decoding=\"async\" width=\"300\" height=\"46\" src=\"https:\/\/teicee-wp6.dev.teicee.fr\/wp-content\/uploads\/2023\/10\/proxmox-full-300x46.png\" alt=\"t\u00e9\u00efc\u00e9e partenaire Proxmox\" class=\"wp-image-1845\" style=\"width:200px;height:undefinedpx\" srcset=\"https:\/\/www.teicee.com\/wp-content\/uploads\/2023\/10\/proxmox-full-300x46.png 300w, https:\/\/www.teicee.com\/wp-content\/uploads\/2023\/10\/proxmox-full.png 652w\" sizes=\"auto, (max-width: 300px) 100vw, 300px\" \/><\/a><\/figure>\n<\/div>\n\n\n\n<div class=\"wp-block-column is-layout-flow wp-block-column-is-layout-flow\">\n<figure class=\"wp-block-image aligncenter size-medium is-resized\"><a href=\"https:\/\/www.teicee.com\/en\/solution\/bacula\/\"><img loading=\"lazy\" decoding=\"async\" width=\"300\" height=\"92\" src=\"https:\/\/teicee-wp6.dev.teicee.fr\/wp-content\/uploads\/2023\/10\/logos-bacula-300x92.png\" alt=\"t\u00e9\u00efc\u00e9e partenaire Bacula\" class=\"wp-image-1842\" style=\"width:200px;height:undefinedpx\" srcset=\"https:\/\/www.teicee.com\/wp-content\/uploads\/2023\/10\/logos-bacula-300x92.png 300w, https:\/\/www.teicee.com\/wp-content\/uploads\/2023\/10\/logos-bacula.png 326w\" sizes=\"auto, (max-width: 300px) 100vw, 300px\" \/><\/a><\/figure>\n<\/div>\n\n\n\n<div class=\"wp-block-column is-layout-flow wp-block-column-is-layout-flow\">\n<figure class=\"wp-block-image aligncenter size-medium is-resized\"><a href=\"https:\/\/www.teicee.com\/en\/solution\/opnsense-routeur-et-firewall-opensource\/\"><img loading=\"lazy\" decoding=\"async\" width=\"300\" height=\"70\" src=\"https:\/\/teicee-wp6.dev.teicee.fr\/wp-content\/uploads\/2023\/10\/opnsense_logo-300x70.png\" alt=\"t\u00e9\u00efc\u00e9e partenaire OpnSense\" class=\"wp-image-1844\" style=\"width:200px;height:undefinedpx\" srcset=\"https:\/\/www.teicee.com\/wp-content\/uploads\/2023\/10\/opnsense_logo-300x70.png 300w, https:\/\/www.teicee.com\/wp-content\/uploads\/2023\/10\/opnsense_logo.png 429w\" sizes=\"auto, (max-width: 300px) 100vw, 300px\" \/><\/a><\/figure>\n<\/div>\n\n\n\n<div class=\"wp-block-column is-layout-flow wp-block-column-is-layout-flow\">\n<figure class=\"wp-block-image aligncenter size-medium is-resized\"><img loading=\"lazy\" decoding=\"async\" width=\"300\" height=\"96\" src=\"https:\/\/teicee-wp6.dev.teicee.fr\/wp-content\/uploads\/2023\/10\/odoo_logo-300x96.png\" alt=\"t\u00e9\u00efc\u00e9e partenaire Odoo\" class=\"wp-image-1843\" style=\"width:200px;height:undefinedpx\" srcset=\"https:\/\/www.teicee.com\/wp-content\/uploads\/2023\/10\/odoo_logo-300x96.png 300w, https:\/\/www.teicee.com\/wp-content\/uploads\/2023\/10\/odoo_logo.png 314w\" sizes=\"auto, (max-width: 300px) 100vw, 300px\" \/><\/figure>\n<\/div>\n<\/div>\n\n\n\n<div style=\"height:50px\" aria-hidden=\"true\" class=\"wp-block-spacer\"><\/div>\n\n\n\n<hr class=\"wp-block-separator aligncenter has-alpha-channel-opacity is-style-dots\"\/>","protected":false},"excerpt":{"rendered":"<p>3 secteurs Pour mieux r\u00e9pondre \u00e0 vos besoins t\u00e9\u00efc\u00e9e est partenaire<\/p>","protected":false},"author":1,"featured_media":0,"parent":0,"menu_order":0,"comment_status":"closed","ping_status":"closed","template":"","meta":{"_acf_changed":false,"_uag_custom_page_level_css":"","footnotes":""},"class_list":["post-6","page","type-page","status-publish","hentry"],"acf":[],"yoast_head":"<!-- This site is optimized with the Yoast SEO plugin v27.5 - https:\/\/yoast.com\/product\/yoast-seo-wordpress\/ -->\n<title>D\u00e9veloppement Web, Syst\u00e8mes, R\u00e9seaux et S\u00e9curit\u00e9 - t\u00e9\u00efc\u00e9e<\/title>\n<meta name=\"description\" content=\"t\u00e9\u00efc\u00e9e propose des services de d\u00e9veloppement web, administration syst\u00e8mes et r\u00e9seaux et s\u00e9curit\u00e9, dans le logiciel libre\" \/>\n<meta name=\"robots\" content=\"index, follow, max-snippet:-1, max-image-preview:large, max-video-preview:-1\" \/>\n<link rel=\"canonical\" href=\"https:\/\/www.teicee.com\/en\/\" \/>\n<meta property=\"og:locale\" content=\"en_GB\" \/>\n<meta property=\"og:type\" content=\"article\" \/>\n<meta property=\"og:title\" content=\"D\u00e9veloppement Web, Syst\u00e8mes, R\u00e9seaux et S\u00e9curit\u00e9 - t\u00e9\u00efc\u00e9e\" \/>\n<meta property=\"og:description\" content=\"t\u00e9\u00efc\u00e9e propose des services de d\u00e9veloppement web, administration syst\u00e8mes et r\u00e9seaux et s\u00e9curit\u00e9, dans le logiciel libre\" \/>\n<meta property=\"og:url\" content=\"https:\/\/www.teicee.com\/en\/\" \/>\n<meta property=\"og:site_name\" content=\"t\u00e9\u00efc\u00e9e\" \/>\n<meta property=\"article:publisher\" content=\"https:\/\/www.facebook.com\/teicee\" \/>\n<meta property=\"article:modified_time\" content=\"2025-01-08T17:14:13+00:00\" \/>\n<meta property=\"og:image\" content=\"https:\/\/teicee-wp6.dev.teicee.fr\/wp-content\/uploads\/2023\/10\/proxmox-full-300x46.png\" \/>\n<meta name=\"twitter:card\" content=\"summary_large_image\" \/>\n<meta name=\"twitter:label1\" content=\"Estimated reading time\" \/>\n\t<meta name=\"twitter:data1\" content=\"1 minute\" \/>\n<script type=\"application\/ld+json\" class=\"yoast-schema-graph\">{\"@context\":\"https:\\\/\\\/schema.org\",\"@graph\":[{\"@type\":\"WebPage\",\"@id\":\"https:\\\/\\\/www.teicee.com\\\/\",\"url\":\"https:\\\/\\\/www.teicee.com\\\/\",\"name\":\"D\u00e9veloppement Web, Syst\u00e8mes, R\u00e9seaux et S\u00e9curit\u00e9 - t\u00e9\u00efc\u00e9e\",\"isPartOf\":{\"@id\":\"https:\\\/\\\/www.teicee.com\\\/#website\"},\"primaryImageOfPage\":{\"@id\":\"https:\\\/\\\/www.teicee.com\\\/#primaryimage\"},\"image\":{\"@id\":\"https:\\\/\\\/www.teicee.com\\\/#primaryimage\"},\"thumbnailUrl\":\"https:\\\/\\\/teicee-wp6.dev.teicee.fr\\\/wp-content\\\/uploads\\\/2023\\\/10\\\/proxmox-full-300x46.png\",\"datePublished\":\"2023-02-02T09:40:33+00:00\",\"dateModified\":\"2025-01-08T17:14:13+00:00\",\"description\":\"t\u00e9\u00efc\u00e9e propose des services de d\u00e9veloppement web, administration syst\u00e8mes et r\u00e9seaux et s\u00e9curit\u00e9, dans le logiciel libre\",\"breadcrumb\":{\"@id\":\"https:\\\/\\\/www.teicee.com\\\/#breadcrumb\"},\"inLanguage\":\"en-GB\",\"potentialAction\":[{\"@type\":\"ReadAction\",\"target\":[\"https:\\\/\\\/www.teicee.com\\\/\"]}]},{\"@type\":\"ImageObject\",\"inLanguage\":\"en-GB\",\"@id\":\"https:\\\/\\\/www.teicee.com\\\/#primaryimage\",\"url\":\"https:\\\/\\\/teicee-wp6.dev.teicee.fr\\\/wp-content\\\/uploads\\\/2023\\\/10\\\/proxmox-full-300x46.png\",\"contentUrl\":\"https:\\\/\\\/teicee-wp6.dev.teicee.fr\\\/wp-content\\\/uploads\\\/2023\\\/10\\\/proxmox-full-300x46.png\"},{\"@type\":\"BreadcrumbList\",\"@id\":\"https:\\\/\\\/www.teicee.com\\\/#breadcrumb\",\"itemListElement\":[{\"@type\":\"ListItem\",\"position\":1,\"name\":\"Accueil\",\"item\":\"https:\\\/\\\/www.teicee.com\\\/\"},{\"@type\":\"ListItem\",\"position\":2,\"name\":\"D\u00e9veloppement Web, Syst\u00e8mes, R\u00e9seaux et S\u00e9curit\u00e9\"}]},{\"@type\":\"WebSite\",\"@id\":\"https:\\\/\\\/www.teicee.com\\\/#website\",\"url\":\"https:\\\/\\\/www.teicee.com\\\/\",\"name\":\"t\u00e9\u00efc\u00e9e\",\"description\":\"La raison de votre confiance\",\"publisher\":{\"@id\":\"https:\\\/\\\/www.teicee.com\\\/#organization\"},\"potentialAction\":[{\"@type\":\"SearchAction\",\"target\":{\"@type\":\"EntryPoint\",\"urlTemplate\":\"https:\\\/\\\/www.teicee.com\\\/?s={search_term_string}\"},\"query-input\":{\"@type\":\"PropertyValueSpecification\",\"valueRequired\":true,\"valueName\":\"search_term_string\"}}],\"inLanguage\":\"en-GB\"},{\"@type\":\"Organization\",\"@id\":\"https:\\\/\\\/www.teicee.com\\\/#organization\",\"name\":\"t\u00e9\u00efc\u00e9e\",\"url\":\"https:\\\/\\\/www.teicee.com\\\/\",\"logo\":{\"@type\":\"ImageObject\",\"inLanguage\":\"en-GB\",\"@id\":\"https:\\\/\\\/www.teicee.com\\\/#\\\/schema\\\/logo\\\/image\\\/\",\"url\":\"https:\\\/\\\/www.teicee.com\\\/wp-content\\\/uploads\\\/2023\\\/02\\\/teicee-300dpi-scaled.jpg\",\"contentUrl\":\"https:\\\/\\\/www.teicee.com\\\/wp-content\\\/uploads\\\/2023\\\/02\\\/teicee-300dpi-scaled.jpg\",\"width\":2560,\"height\":1163,\"caption\":\"t\u00e9\u00efc\u00e9e\"},\"image\":{\"@id\":\"https:\\\/\\\/www.teicee.com\\\/#\\\/schema\\\/logo\\\/image\\\/\"},\"sameAs\":[\"https:\\\/\\\/www.facebook.com\\\/teicee\",\"https:\\\/\\\/www.linkedin.com\\\/company\\\/t-c-e\\\/\",\"https:\\\/\\\/www.instagram.com\\\/teicee_fr\\\/\"]}]}<\/script>\n<!-- \/ Yoast SEO plugin. -->","yoast_head_json":{"title":"D\u00e9veloppement Web, Syst\u00e8mes, R\u00e9seaux et S\u00e9curit\u00e9 - t\u00e9\u00efc\u00e9e","description":"t\u00e9\u00efc\u00e9e propose des services de d\u00e9veloppement web, administration syst\u00e8mes et r\u00e9seaux et s\u00e9curit\u00e9, dans le logiciel libre","robots":{"index":"index","follow":"follow","max-snippet":"max-snippet:-1","max-image-preview":"max-image-preview:large","max-video-preview":"max-video-preview:-1"},"canonical":"https:\/\/www.teicee.com\/en\/","og_locale":"en_GB","og_type":"article","og_title":"D\u00e9veloppement Web, Syst\u00e8mes, R\u00e9seaux et S\u00e9curit\u00e9 - t\u00e9\u00efc\u00e9e","og_description":"t\u00e9\u00efc\u00e9e propose des services de d\u00e9veloppement web, administration syst\u00e8mes et r\u00e9seaux et s\u00e9curit\u00e9, dans le logiciel libre","og_url":"https:\/\/www.teicee.com\/en\/","og_site_name":"t\u00e9\u00efc\u00e9e","article_publisher":"https:\/\/www.facebook.com\/teicee","article_modified_time":"2025-01-08T17:14:13+00:00","og_image":[{"url":"https:\/\/teicee-wp6.dev.teicee.fr\/wp-content\/uploads\/2023\/10\/proxmox-full-300x46.png","type":"","width":"","height":""}],"twitter_card":"summary_large_image","twitter_misc":{"Estimated reading time":"1 minute"},"schema":{"@context":"https:\/\/schema.org","@graph":[{"@type":"WebPage","@id":"https:\/\/www.teicee.com\/","url":"https:\/\/www.teicee.com\/","name":"D\u00e9veloppement Web, Syst\u00e8mes, R\u00e9seaux et S\u00e9curit\u00e9 - t\u00e9\u00efc\u00e9e","isPartOf":{"@id":"https:\/\/www.teicee.com\/#website"},"primaryImageOfPage":{"@id":"https:\/\/www.teicee.com\/#primaryimage"},"image":{"@id":"https:\/\/www.teicee.com\/#primaryimage"},"thumbnailUrl":"https:\/\/teicee-wp6.dev.teicee.fr\/wp-content\/uploads\/2023\/10\/proxmox-full-300x46.png","datePublished":"2023-02-02T09:40:33+00:00","dateModified":"2025-01-08T17:14:13+00:00","description":"t\u00e9\u00efc\u00e9e propose des services de d\u00e9veloppement web, administration syst\u00e8mes et r\u00e9seaux et s\u00e9curit\u00e9, dans le logiciel libre","breadcrumb":{"@id":"https:\/\/www.teicee.com\/#breadcrumb"},"inLanguage":"en-GB","potentialAction":[{"@type":"ReadAction","target":["https:\/\/www.teicee.com\/"]}]},{"@type":"ImageObject","inLanguage":"en-GB","@id":"https:\/\/www.teicee.com\/#primaryimage","url":"https:\/\/teicee-wp6.dev.teicee.fr\/wp-content\/uploads\/2023\/10\/proxmox-full-300x46.png","contentUrl":"https:\/\/teicee-wp6.dev.teicee.fr\/wp-content\/uploads\/2023\/10\/proxmox-full-300x46.png"},{"@type":"BreadcrumbList","@id":"https:\/\/www.teicee.com\/#breadcrumb","itemListElement":[{"@type":"ListItem","position":1,"name":"Accueil","item":"https:\/\/www.teicee.com\/"},{"@type":"ListItem","position":2,"name":"D\u00e9veloppement Web, Syst\u00e8mes, R\u00e9seaux et S\u00e9curit\u00e9"}]},{"@type":"WebSite","@id":"https:\/\/www.teicee.com\/#website","url":"https:\/\/www.teicee.com\/","name":"t\u00e9\u00efc\u00e9e","description":"La raison de votre confiance","publisher":{"@id":"https:\/\/www.teicee.com\/#organization"},"potentialAction":[{"@type":"SearchAction","target":{"@type":"EntryPoint","urlTemplate":"https:\/\/www.teicee.com\/?s={search_term_string}"},"query-input":{"@type":"PropertyValueSpecification","valueRequired":true,"valueName":"search_term_string"}}],"inLanguage":"en-GB"},{"@type":"Organization","@id":"https:\/\/www.teicee.com\/#organization","name":"t\u00e9\u00efc\u00e9e","url":"https:\/\/www.teicee.com\/","logo":{"@type":"ImageObject","inLanguage":"en-GB","@id":"https:\/\/www.teicee.com\/#\/schema\/logo\/image\/","url":"https:\/\/www.teicee.com\/wp-content\/uploads\/2023\/02\/teicee-300dpi-scaled.jpg","contentUrl":"https:\/\/www.teicee.com\/wp-content\/uploads\/2023\/02\/teicee-300dpi-scaled.jpg","width":2560,"height":1163,"caption":"t\u00e9\u00efc\u00e9e"},"image":{"@id":"https:\/\/www.teicee.com\/#\/schema\/logo\/image\/"},"sameAs":["https:\/\/www.facebook.com\/teicee","https:\/\/www.linkedin.com\/company\/t-c-e\/","https:\/\/www.instagram.com\/teicee_fr\/"]}]}},"uagb_featured_image_src":{"full":false,"thumbnail":false,"medium":false,"medium_large":false,"large":false,"1536x1536":false,"2048x2048":false,"trp-custom-language-flag":false},"uagb_author_info":{"display_name":"teicee","author_link":"https:\/\/www.teicee.com\/en\/author\/teicee\/"},"uagb_comment_info":0,"uagb_excerpt":"3 secteurs Pour mieux r\u00e9pondre \u00e0 vos besoins t\u00e9\u00efc\u00e9e est partenaire","_links":{"self":[{"href":"https:\/\/www.teicee.com\/en\/wp-json\/wp\/v2\/pages\/6","targetHints":{"allow":["GET"]}}],"collection":[{"href":"https:\/\/www.teicee.com\/en\/wp-json\/wp\/v2\/pages"}],"about":[{"href":"https:\/\/www.teicee.com\/en\/wp-json\/wp\/v2\/types\/page"}],"author":[{"embeddable":true,"href":"https:\/\/www.teicee.com\/en\/wp-json\/wp\/v2\/users\/1"}],"replies":[{"embeddable":true,"href":"https:\/\/www.teicee.com\/en\/wp-json\/wp\/v2\/comments?post=6"}],"version-history":[{"count":90,"href":"https:\/\/www.teicee.com\/en\/wp-json\/wp\/v2\/pages\/6\/revisions"}],"predecessor-version":[{"id":2494,"href":"https:\/\/www.teicee.com\/en\/wp-json\/wp\/v2\/pages\/6\/revisions\/2494"}],"wp:attachment":[{"href":"https:\/\/www.teicee.com\/en\/wp-json\/wp\/v2\/media?parent=6"}],"curies":[{"name":"wp","href":"https:\/\/api.w.org\/{rel}","templated":true}]}}